{"id":37,"date":"2019-05-19T23:40:39","date_gmt":"2019-05-19T21:40:39","guid":{"rendered":"http:\/\/dominiquecasoni.eu\/?page_id=37"},"modified":"2024-08-23T11:14:58","modified_gmt":"2024-08-23T09:14:58","slug":"tableau-noir-%f0%9f%87%ab%f0%9f%87%b7","status":"publish","type":"page","link":"https:\/\/dominiquecasoni.eu\/?page_id=37","title":{"rendered":"Tableau noir \ud83c\uddeb\ud83c\uddf7"},"content":{"rendered":"\t\t<div data-elementor-type=\"wp-page\" data-elementor-id=\"37\" class=\"elementor elementor-37\">\n\t\t\t\t\t\t<section class=\"elementor-section elementor-top-section elementor-element elementor-element-012c867 elementor-section-boxed elementor-section-height-default elementor-section-height-default\" data-id=\"012c867\" data-element_type=\"section\">\n\t\t\t\t\t\t<div class=\"elementor-container elementor-column-gap-default\">\n\t\t\t\t\t<div class=\"elementor-column elementor-col-50 elementor-top-column elementor-element elementor-element-ee0c2b9\" data-id=\"ee0c2b9\" data-element_type=\"column\">\n\t\t\t<div class=\"elementor-widget-wrap elementor-element-populated\">\n\t\t\t\t\t\t<div class=\"elementor-element elementor-element-8b4e6a7 elementor-widget elementor-widget-image\" data-id=\"8b4e6a7\" data-element_type=\"widget\" data-widget_type=\"image.default\">\n\t\t\t\t<div class=\"elementor-widget-container\">\n\t\t\t\t\t\t\t\t\t\t\t\t\t\t\t<img fetchpriority=\"high\" decoding=\"async\" width=\"511\" height=\"383\" src=\"https:\/\/dominiquecasoni.eu\/wp-content\/uploads\/2024\/08\/logo-pass-culture-1-png-16162.png\" class=\"attachment-large size-large wp-image-1224\" alt=\"pass Culture\" srcset=\"https:\/\/dominiquecasoni.eu\/wp-content\/uploads\/2024\/08\/logo-pass-culture-1-png-16162.png 511w, https:\/\/dominiquecasoni.eu\/wp-content\/uploads\/2024\/08\/logo-pass-culture-1-png-16162-300x225.png 300w\" sizes=\"(max-width: 511px) 85vw, 511px\" \/>\t\t\t\t\t\t\t\t\t\t\t\t\t\t\t<\/div>\n\t\t\t\t<\/div>\n\t\t\t\t\t<\/div>\n\t\t<\/div>\n\t\t\t\t<div class=\"elementor-column elementor-col-50 elementor-top-column elementor-element elementor-element-aace430\" data-id=\"aace430\" data-element_type=\"column\">\n\t\t\t<div class=\"elementor-widget-wrap elementor-element-populated\">\n\t\t\t\t\t\t<div class=\"elementor-element elementor-element-284a931 elementor-invisible elementor-widget elementor-widget-text-editor\" data-id=\"284a931\" data-element_type=\"widget\" data-settings=\"{&quot;_animation&quot;:&quot;fadeIn&quot;}\" data-widget_type=\"text-editor.default\">\n\t\t\t\t<div class=\"elementor-widget-container\">\n\t\t\t\t\t\t\t\t\t<p><span style=\"font-family: helvetica, arial, sans-serif;\">Pour voir les offres pass Culture, cherchez \u00ab\u00a0Un Poisson dans l&rsquo;d\u00e9sert\u00a0\u00bb<\/span><\/p>\t\t\t\t\t\t\t\t<\/div>\n\t\t\t\t<\/div>\n\t\t\t\t\t<\/div>\n\t\t<\/div>\n\t\t\t\t\t<\/div>\n\t\t<\/section>\n\t\t\t\t<section class=\"elementor-section elementor-top-section elementor-element elementor-element-ef43e15 elementor-section-boxed elementor-section-height-default elementor-section-height-default\" data-id=\"ef43e15\" data-element_type=\"section\">\n\t\t\t\t\t\t<div class=\"elementor-container elementor-column-gap-default\">\n\t\t\t\t\t<div class=\"elementor-column elementor-col-100 elementor-top-column elementor-element elementor-element-d838877\" data-id=\"d838877\" data-element_type=\"column\">\n\t\t\t<div class=\"elementor-widget-wrap elementor-element-populated\">\n\t\t\t\t\t\t<div class=\"elementor-element elementor-element-1e9868a elementor-widget elementor-widget-heading\" data-id=\"1e9868a\" data-element_type=\"widget\" data-widget_type=\"heading.default\">\n\t\t\t\t<div class=\"elementor-widget-container\">\n\t\t\t\t\t<h2 class=\"elementor-heading-title elementor-size-default\">CORdIER et Tableau noir<\/h2>\t\t\t\t<\/div>\n\t\t\t\t<\/div>\n\t\t\t\t\t<\/div>\n\t\t<\/div>\n\t\t\t\t\t<\/div>\n\t\t<\/section>\n\t\t\t\t<section class=\"elementor-section elementor-top-section elementor-element elementor-element-fb36ad1 elementor-section-boxed elementor-section-height-default elementor-section-height-default\" data-id=\"fb36ad1\" data-element_type=\"section\">\n\t\t\t\t\t\t<div class=\"elementor-container elementor-column-gap-default\">\n\t\t\t\t\t<div class=\"elementor-column elementor-col-100 elementor-top-column elementor-element elementor-element-42d13fb\" data-id=\"42d13fb\" data-element_type=\"column\">\n\t\t\t<div class=\"elementor-widget-wrap elementor-element-populated\">\n\t\t\t\t\t\t<div class=\"elementor-element elementor-element-847c4ea elementor-widget elementor-widget-text-editor\" data-id=\"847c4ea\" data-element_type=\"widget\" data-widget_type=\"text-editor.default\">\n\t\t\t\t<div class=\"elementor-widget-container\">\n\t\t\t\t\t\t\t\t\t<p>Le groupe de musique lorrain propose de nouveaux spectacles autour de la po\u00e9sie du XIXe si\u00e8cle.\u00a0<\/p>\t\t\t\t\t\t\t\t<\/div>\n\t\t\t\t<\/div>\n\t\t\t\t\t<\/div>\n\t\t<\/div>\n\t\t\t\t\t<\/div>\n\t\t<\/section>\n\t\t\t\t<section class=\"elementor-section elementor-top-section elementor-element elementor-element-2eae9be elementor-section-boxed elementor-section-height-default elementor-section-height-default\" data-id=\"2eae9be\" data-element_type=\"section\">\n\t\t\t\t\t\t<div class=\"elementor-container elementor-column-gap-default\">\n\t\t\t\t\t<div class=\"elementor-column elementor-col-100 elementor-top-column elementor-element elementor-element-66428fd\" data-id=\"66428fd\" data-element_type=\"column\">\n\t\t\t<div class=\"elementor-widget-wrap elementor-element-populated\">\n\t\t\t\t\t\t<div class=\"elementor-element elementor-element-8377df9 elementor-widget elementor-widget-heading\" data-id=\"8377df9\" data-element_type=\"widget\" data-widget_type=\"heading.default\">\n\t\t\t\t<div class=\"elementor-widget-container\">\n\t\t\t\t\t<h5 class=\"elementor-heading-title elementor-size-default\">Rimbaud-Verlaine<\/h5>\t\t\t\t<\/div>\n\t\t\t\t<\/div>\n\t\t\t\t\t<\/div>\n\t\t<\/div>\n\t\t\t\t\t<\/div>\n\t\t<\/section>\n\t\t\t\t<section class=\"elementor-section elementor-top-section elementor-element elementor-element-d470186 elementor-section-boxed elementor-section-height-default elementor-section-height-default\" data-id=\"d470186\" data-element_type=\"section\">\n\t\t\t\t\t\t<div class=\"elementor-container elementor-column-gap-default\">\n\t\t\t\t\t<div class=\"elementor-column elementor-col-100 elementor-top-column elementor-element elementor-element-77b7322\" data-id=\"77b7322\" data-element_type=\"column\">\n\t\t\t<div class=\"elementor-widget-wrap elementor-element-populated\">\n\t\t\t\t\t\t<div class=\"elementor-element elementor-element-098b0a8 elementor-widget elementor-widget-text-editor\" data-id=\"098b0a8\" data-element_type=\"widget\" data-widget_type=\"text-editor.default\">\n\t\t\t\t<div class=\"elementor-widget-container\">\n\t\t\t\t\t\t\t\t\t<p><span style=\"font-family: helvetica, arial, sans-serif;\">Po\u00e8mes slam\u00e9s sur de la musique \u00e9lectro inspir\u00e9e de compositions du 19\u00e8me, chansons pop-rock acoustiques, lectures&#8230; TABLEAU NOIR propose son nouveau spectacle : La vie de Rimbaud, sa liaison avec Verlaine, sont vues \u00e0 travers les po\u00e8mes, la correspondance, la mont\u00e9e du po\u00e8te \u00e0 Paris.<\/span><\/p><div>\u00a0<\/div>\t\t\t\t\t\t\t\t<\/div>\n\t\t\t\t<\/div>\n\t\t\t\t\t<\/div>\n\t\t<\/div>\n\t\t\t\t\t<\/div>\n\t\t<\/section>\n\t\t\t\t<section class=\"elementor-section elementor-top-section elementor-element elementor-element-702a6be elementor-section-boxed elementor-section-height-default elementor-section-height-default\" data-id=\"702a6be\" data-element_type=\"section\">\n\t\t\t\t\t\t<div class=\"elementor-container elementor-column-gap-default\">\n\t\t\t\t\t<div class=\"elementor-column elementor-col-100 elementor-top-column elementor-element elementor-element-a871e6c\" data-id=\"a871e6c\" data-element_type=\"column\">\n\t\t\t<div class=\"elementor-widget-wrap elementor-element-populated\">\n\t\t\t\t\t\t<div class=\"elementor-element elementor-element-c397da8 elementor-widget elementor-widget-heading\" data-id=\"c397da8\" data-element_type=\"widget\" data-widget_type=\"heading.default\">\n\t\t\t\t<div class=\"elementor-widget-container\">\n\t\t\t\t\t<h5 class=\"elementor-heading-title elementor-size-default\">CORdIER au Tableau Noir<\/h5>\t\t\t\t<\/div>\n\t\t\t\t<\/div>\n\t\t\t\t\t<\/div>\n\t\t<\/div>\n\t\t\t\t\t<\/div>\n\t\t<\/section>\n\t\t\t\t<section class=\"elementor-section elementor-top-section elementor-element elementor-element-39581ff elementor-section-boxed elementor-section-height-default elementor-section-height-default\" data-id=\"39581ff\" data-element_type=\"section\">\n\t\t\t\t\t\t<div class=\"elementor-container elementor-column-gap-default\">\n\t\t\t\t\t<div class=\"elementor-column elementor-col-100 elementor-top-column elementor-element elementor-element-b4c4eb9\" data-id=\"b4c4eb9\" data-element_type=\"column\">\n\t\t\t<div class=\"elementor-widget-wrap elementor-element-populated\">\n\t\t\t\t\t\t<div class=\"elementor-element elementor-element-2a108ae elementor-widget elementor-widget-text-editor\" data-id=\"2a108ae\" data-element_type=\"widget\" data-widget_type=\"text-editor.default\">\n\t\t\t\t<div class=\"elementor-widget-container\">\n\t\t\t\t\t\t\t\t\t<p><span style=\"font-family: helvetica, arial, sans-serif;\">\u00a0Ce spectacle est une rencontre de type showcase acoustique autour des po\u00e8tes du XIXe si\u00e8cle (Rimbaud, Verlaine, Baudelaire, Apollinaire et Mallarm\u00e9) et des cr\u00e9ations personnelles de l&rsquo;artiste en chansons pop-rock, en duo guitare basse chant choeurs.<\/span><\/p><div>\u00a0<\/div>\t\t\t\t\t\t\t\t<\/div>\n\t\t\t\t<\/div>\n\t\t\t\t\t<\/div>\n\t\t<\/div>\n\t\t\t\t\t<\/div>\n\t\t<\/section>\n\t\t\t\t<section class=\"elementor-section elementor-top-section elementor-element elementor-element-dab8e99 elementor-section-boxed elementor-section-height-default elementor-section-height-default\" data-id=\"dab8e99\" data-element_type=\"section\">\n\t\t\t\t\t\t<div class=\"elementor-container elementor-column-gap-default\">\n\t\t\t\t\t<div class=\"elementor-column elementor-col-100 elementor-top-column elementor-element elementor-element-48b5d77\" data-id=\"48b5d77\" data-element_type=\"column\">\n\t\t\t<div class=\"elementor-widget-wrap elementor-element-populated\">\n\t\t\t\t\t\t<div class=\"elementor-element elementor-element-6cc2dc4 elementor-widget elementor-widget-text-editor\" data-id=\"6cc2dc4\" data-element_type=\"widget\" data-widget_type=\"text-editor.default\">\n\t\t\t\t<div class=\"elementor-widget-container\">\n\t\t\t\t\t\t\t\t\t<h5>Tableau Noir effleure le mal<\/h5>\t\t\t\t\t\t\t\t<\/div>\n\t\t\t\t<\/div>\n\t\t\t\t\t<\/div>\n\t\t<\/div>\n\t\t\t\t\t<\/div>\n\t\t<\/section>\n\t\t\t\t<section class=\"elementor-section elementor-top-section elementor-element elementor-element-0541c42 elementor-section-boxed elementor-section-height-default elementor-section-height-default\" data-id=\"0541c42\" data-element_type=\"section\">\n\t\t\t\t\t\t<div class=\"elementor-container elementor-column-gap-default\">\n\t\t\t\t\t<div class=\"elementor-column elementor-col-100 elementor-top-column elementor-element elementor-element-24f22be\" data-id=\"24f22be\" data-element_type=\"column\">\n\t\t\t<div class=\"elementor-widget-wrap elementor-element-populated\">\n\t\t\t\t\t\t<div class=\"elementor-element elementor-element-0ce9905 elementor-widget elementor-widget-text-editor\" data-id=\"0ce9905\" data-element_type=\"widget\" data-widget_type=\"text-editor.default\">\n\t\t\t\t<div class=\"elementor-widget-container\">\n\t\t\t\t\t\t\t\t\t<p><span style=\"font-family: helvetica, arial, sans-serif;\">100% Charles Baudelaire<\/span><\/p><p><span style=\"font-family: helvetica, arial, sans-serif;\">52 minutes de plong\u00e9e dans l&rsquo;univers baudelairien avec 10 po\u00e8mes extraits des Fleurs du mal, entrecoup\u00e9s de textes de l&rsquo;auteur, tir\u00e9 des Fus\u00e9es, Mon c\u0153ur mis \u00e0 nu, Petits po\u00e8mes en prose, \u0152uvres posthumes, etc. ainsi que le jugement du tribunal de Paris du 20 ao\u00fbt 1857.\u00a0<\/span><\/p><p><span style=\"font-family: helvetica, arial, sans-serif;\">Une rencontre \u00e9tonnante, voire stup\u00e9fiante, une fa\u00e7on originale, d\u00e9cal\u00e9e et inattendue de d\u00e9couvrir l&rsquo;un des plus grands po\u00e8tes fran\u00e7ais du XIXe si\u00e8cle et son \u0153uvre, Les Fleurs du Mal.\u00a0<\/span><\/p>\t\t\t\t\t\t\t\t<\/div>\n\t\t\t\t<\/div>\n\t\t\t\t\t<\/div>\n\t\t<\/div>\n\t\t\t\t\t<\/div>\n\t\t<\/section>\n\t\t\t\t<section class=\"elementor-section elementor-top-section elementor-element elementor-element-24ab312 elementor-section-boxed elementor-section-height-default elementor-section-height-default\" data-id=\"24ab312\" data-element_type=\"section\">\n\t\t\t\t\t\t<div class=\"elementor-container elementor-column-gap-default\">\n\t\t\t\t\t<div class=\"elementor-column elementor-col-100 elementor-top-column elementor-element elementor-element-0d4f20d\" data-id=\"0d4f20d\" data-element_type=\"column\">\n\t\t\t<div class=\"elementor-widget-wrap elementor-element-populated\">\n\t\t\t\t\t\t<div class=\"elementor-element elementor-element-47af514 elementor-widget elementor-widget-text-editor\" data-id=\"47af514\" data-element_type=\"widget\" data-widget_type=\"text-editor.default\">\n\t\t\t\t<div class=\"elementor-widget-container\">\n\t\t\t\t\t\t\t\t\t<h5 style=\"margin-bottom: 1.473684em; line-height: 1.105263;\">XIX,\u00a0<span style=\"color: var( --e-global-color-text ); font-family: var( --e-global-typography-text-font-family ), Sans-serif; font-weight: var( --e-global-typography-text-font-weight ); font-size: 1rem;\">Du poison de Baudelaire aux alcools d&rsquo;Apollinaire<\/span><\/h5>\t\t\t\t\t\t\t\t<\/div>\n\t\t\t\t<\/div>\n\t\t\t\t\t<\/div>\n\t\t<\/div>\n\t\t\t\t\t<\/div>\n\t\t<\/section>\n\t\t\t\t<section class=\"elementor-section elementor-top-section elementor-element elementor-element-19cc3c2 elementor-section-boxed elementor-section-height-default elementor-section-height-default\" data-id=\"19cc3c2\" data-element_type=\"section\">\n\t\t\t\t\t\t<div class=\"elementor-container elementor-column-gap-default\">\n\t\t\t\t\t<div class=\"elementor-column elementor-col-100 elementor-top-column elementor-element elementor-element-53595f8\" data-id=\"53595f8\" data-element_type=\"column\">\n\t\t\t<div class=\"elementor-widget-wrap elementor-element-populated\">\n\t\t\t\t\t\t<div class=\"elementor-element elementor-element-e091903 elementor-widget elementor-widget-text-editor\" data-id=\"e091903\" data-element_type=\"widget\" data-widget_type=\"text-editor.default\">\n\t\t\t\t<div class=\"elementor-widget-container\">\n\t\t\t\t\t\t\t\t\t<p>Un deuxi\u00e8me volet \u00e0 sa cr\u00e9ation sur Les Fleurs du mal avec ce spectacle po\u00e9tise-musical chang\u00e9, consacr\u00e9 aux po\u00e8tes du XIXe si\u00e8cle influenc\u00e9s par Charles Baudelaire, sur fond de pop-rock en trio basse\/batterie\/guitare. 5 po\u00e8tes : Baudelaire, Rimbaud, Verlaine, Mallarm\u00e9 et Apollinaire, 11 titres, un spectacle d&rsquo;une heure, 11 r\u00e9citations \u00e0 apprendre en chantante et \u00e0 d\u00e9couvrir d&rsquo;une fa\u00e7on aussi originale que d\u00e9cal\u00e9e.\u00a0<\/p><p>C est tires ont fait l&rsquo;objet d&rsquo;une production studio et discographique de CORdIER.\u00a0<\/p>\t\t\t\t\t\t\t\t<\/div>\n\t\t\t\t<\/div>\n\t\t\t\t\t<\/div>\n\t\t<\/div>\n\t\t\t\t\t<\/div>\n\t\t<\/section>\n\t\t\t\t<section class=\"elementor-section elementor-top-section elementor-element elementor-element-682454a4 elementor-section-boxed elementor-section-height-default elementor-section-height-default\" data-id=\"682454a4\" data-element_type=\"section\">\n\t\t\t\t\t\t<div class=\"elementor-container elementor-column-gap-default\">\n\t\t\t\t\t<div class=\"elementor-column elementor-col-100 elementor-top-column elementor-element elementor-element-608e87b5\" data-id=\"608e87b5\" data-element_type=\"column\">\n\t\t\t<div class=\"elementor-widget-wrap elementor-element-populated\">\n\t\t\t\t\t\t<div class=\"elementor-element elementor-element-77879f1c elementor-widget elementor-widget-text-editor\" data-id=\"77879f1c\" data-element_type=\"widget\" data-widget_type=\"text-editor.default\">\n\t\t\t\t<div class=\"elementor-widget-container\">\n\t\t\t\t\t\t\t\t\t<h5><a style=\"font-family: var( --e-global-typography-text-font-family ), Sans-serif; font-weight: var( --e-global-typography-text-font-weight ); font-size: 1rem;\" href=\"https:\/\/fr.calameo.com\/read\/0021611757a079dd8af1c\">Voir la plaquette en ligne<\/a><span style=\"font-family: var( --e-global-typography-text-font-family ), Sans-serif; font-weight: var( --e-global-typography-text-font-weight ); font-size: 1rem; color: #000000;\"> ou <\/span><a style=\"font-family: var( --e-global-typography-text-font-family ), Sans-serif; font-weight: var( --e-global-typography-text-font-weight ); font-size: 1rem;\" href=\"mailto:info@dominiquecasoni.eu\">contactez-nous<\/a><span style=\"font-family: var( --e-global-typography-text-font-family ), Sans-serif; font-weight: var( --e-global-typography-text-font-weight ); font-size: 1rem; color: #000000;\"> pour de plus amples renseignements<\/span><\/h5>\n<p style=\"text-align: center;\">Restez en contact avec<a href=\"https:\/\/www.facebook.com\/tableaunoir\/\"> le groupe sur Facebook<\/a> !<\/p>\n<p style=\"text-align: center;\">Voir Tableau noir en r\u00e9p\u00e9tition<\/p>\n<p style=\"text-align: center;\"><iframe src=\"https:\/\/www.youtube.com\/embed\/hv-seyptVMw\" width=\"560\" height=\"315\" frameborder=\"0\" allowfullscreen=\"allowfullscreen\"><\/iframe><\/p>\n<p><br><\/p>\n<p style=\"text-align: justify;\">\u00c0 l&rsquo;issue du spectacle, les artistes \u00e9changent avec le public.<\/p>\n<p>Quelques titres du spectacle :<\/p>\n<p><a href=\"mailto:info@dominiquecasoni.eu\">Renseignement et r\u00e9servations<\/a><\/p>\t\t\t\t\t\t\t\t<\/div>\n\t\t\t\t<\/div>\n\t\t\t\t\t<\/div>\n\t\t<\/div>\n\t\t\t\t\t<\/div>\n\t\t<\/section>\n\t\t\t\t<section class=\"elementor-section elementor-top-section elementor-element elementor-element-a7dd1e3 elementor-section-boxed elementor-section-height-default elementor-section-height-default\" data-id=\"a7dd1e3\" data-element_type=\"section\">\n\t\t\t\t\t\t<div class=\"elementor-container elementor-column-gap-default\">\n\t\t\t\t\t<div class=\"elementor-column elementor-col-50 elementor-top-column elementor-element elementor-element-8713901\" data-id=\"8713901\" data-element_type=\"column\">\n\t\t\t<div class=\"elementor-widget-wrap elementor-element-populated\">\n\t\t\t\t\t\t<div class=\"elementor-element elementor-element-c56b2e0 elementor-widget elementor-widget-image\" data-id=\"c56b2e0\" data-element_type=\"widget\" data-widget_type=\"image.default\">\n\t\t\t\t<div class=\"elementor-widget-container\">\n\t\t\t\t\t\t\t\t\t\t\t\t\t\t\t<img decoding=\"async\" width=\"683\" height=\"1024\" src=\"https:\/\/dominiquecasoni.eu\/wp-content\/uploads\/2023\/07\/1200x1800_TableauNoir-683x1024.jpg\" class=\"attachment-large size-large wp-image-1142\" alt=\"\" srcset=\"https:\/\/dominiquecasoni.eu\/wp-content\/uploads\/2023\/07\/1200x1800_TableauNoir-683x1024.jpg 683w, https:\/\/dominiquecasoni.eu\/wp-content\/uploads\/2023\/07\/1200x1800_TableauNoir-200x300.jpg 200w, https:\/\/dominiquecasoni.eu\/wp-content\/uploads\/2023\/07\/1200x1800_TableauNoir-768x1152.jpg 768w, https:\/\/dominiquecasoni.eu\/wp-content\/uploads\/2023\/07\/1200x1800_TableauNoir-1024x1536.jpg 1024w, https:\/\/dominiquecasoni.eu\/wp-content\/uploads\/2023\/07\/1200x1800_TableauNoir.jpg 1200w\" sizes=\"(max-width: 683px) 85vw, 683px\" \/>\t\t\t\t\t\t\t\t\t\t\t\t\t\t\t<\/div>\n\t\t\t\t<\/div>\n\t\t\t\t\t<\/div>\n\t\t<\/div>\n\t\t\t\t<div class=\"elementor-column elementor-col-50 elementor-top-column elementor-element elementor-element-45f32b6\" data-id=\"45f32b6\" data-element_type=\"column\">\n\t\t\t<div class=\"elementor-widget-wrap elementor-element-populated\">\n\t\t\t\t\t\t<div class=\"elementor-element elementor-element-3cdbe03 elementor-widget elementor-widget-image\" data-id=\"3cdbe03\" data-element_type=\"widget\" data-widget_type=\"image.default\">\n\t\t\t\t<div class=\"elementor-widget-container\">\n\t\t\t\t\t\t\t\t\t\t\t\t\t\t\t<img decoding=\"async\" width=\"683\" height=\"1024\" src=\"https:\/\/dominiquecasoni.eu\/wp-content\/uploads\/2023\/07\/1200x1800_XIXTableauNoir-1-683x1024.jpg\" class=\"attachment-large size-large wp-image-1141\" alt=\"Affiche XIX\" srcset=\"https:\/\/dominiquecasoni.eu\/wp-content\/uploads\/2023\/07\/1200x1800_XIXTableauNoir-1-683x1024.jpg 683w, https:\/\/dominiquecasoni.eu\/wp-content\/uploads\/2023\/07\/1200x1800_XIXTableauNoir-1-200x300.jpg 200w, https:\/\/dominiquecasoni.eu\/wp-content\/uploads\/2023\/07\/1200x1800_XIXTableauNoir-1-768x1152.jpg 768w, https:\/\/dominiquecasoni.eu\/wp-content\/uploads\/2023\/07\/1200x1800_XIXTableauNoir-1-1024x1536.jpg 1024w, https:\/\/dominiquecasoni.eu\/wp-content\/uploads\/2023\/07\/1200x1800_XIXTableauNoir-1.jpg 1200w\" sizes=\"(max-width: 683px) 85vw, 683px\" \/>\t\t\t\t\t\t\t\t\t\t\t\t\t\t\t<\/div>\n\t\t\t\t<\/div>\n\t\t\t\t\t<\/div>\n\t\t<\/div>\n\t\t\t\t\t<\/div>\n\t\t<\/section>\n\t\t\t\t<\/div>\n\t\t","protected":false},"excerpt":{"rendered":"<p>Pour voir les offres pass Culture, cherchez \u00ab\u00a0Un Poisson dans l&rsquo;d\u00e9sert\u00a0\u00bb CORdIER et Tableau noir Le groupe de musique lorrain propose de nouveaux spectacles autour de la po\u00e9sie du XIXe &hellip; <a href=\"https:\/\/dominiquecasoni.eu\/?page_id=37\" class=\"more-link\">Continuer la lecture<span class=\"screen-reader-text\"> de &laquo;&nbsp;Tableau noir \ud83c\uddeb\ud83c\uddf7&nbsp;&raquo;<\/span><\/a><\/p>\n","protected":false},"author":1,"featured_media":0,"parent":0,"menu_order":0,"comment_status":"closed","ping_status":"closed","template":"","meta":{"footnotes":""},"class_list":["post-37","page","type-page","status-publish","hentry"],"aioseo_notices":[],"jetpack_sharing_enabled":true,"_links":{"self":[{"href":"https:\/\/dominiquecasoni.eu\/index.php?rest_route=\/wp\/v2\/pages\/37","targetHints":{"allow":["GET"]}}],"collection":[{"href":"https:\/\/dominiquecasoni.eu\/index.php?rest_route=\/wp\/v2\/pages"}],"about":[{"href":"https:\/\/dominiquecasoni.eu\/index.php?rest_route=\/wp\/v2\/types\/page"}],"author":[{"embeddable":true,"href":"https:\/\/dominiquecasoni.eu\/index.php?rest_route=\/wp\/v2\/users\/1"}],"replies":[{"embeddable":true,"href":"https:\/\/dominiquecasoni.eu\/index.php?rest_route=%2Fwp%2Fv2%2Fcomments&post=37"}],"version-history":[{"count":27,"href":"https:\/\/dominiquecasoni.eu\/index.php?rest_route=\/wp\/v2\/pages\/37\/revisions"}],"predecessor-version":[{"id":1231,"href":"https:\/\/dominiquecasoni.eu\/index.php?rest_route=\/wp\/v2\/pages\/37\/revisions\/1231"}],"wp:attachment":[{"href":"https:\/\/dominiquecasoni.eu\/index.php?rest_route=%2Fwp%2Fv2%2Fmedia&parent=37"}],"curies":[{"name":"wp","href":"https:\/\/api.w.org\/{rel}","templated":true}]}}