{"id":23,"date":"2019-05-19T23:21:58","date_gmt":"2019-05-19T21:21:58","guid":{"rendered":"http:\/\/dominiquecasoni.eu\/?page_id=23"},"modified":"2024-08-23T11:36:34","modified_gmt":"2024-08-23T09:36:34","slug":"white-horse-theatre","status":"publish","type":"page","link":"https:\/\/dominiquecasoni.eu\/?page_id=23","title":{"rendered":"White Horse Theatre \ud83c\uddec\ud83c\udde7"},"content":{"rendered":"\t\t<div data-elementor-type=\"wp-page\" data-elementor-id=\"23\" class=\"elementor elementor-23\">\n\t\t\t\t\t\t<section class=\"elementor-section elementor-top-section elementor-element elementor-element-bf3e6e6 elementor-section-boxed elementor-section-height-default elementor-section-height-default\" data-id=\"bf3e6e6\" data-element_type=\"section\">\n\t\t\t\t\t\t<div class=\"elementor-container elementor-column-gap-default\">\n\t\t\t\t\t<div class=\"elementor-column elementor-col-100 elementor-top-column elementor-element elementor-element-6c644d2\" data-id=\"6c644d2\" data-element_type=\"column\">\n\t\t\t<div class=\"elementor-widget-wrap elementor-element-populated\">\n\t\t\t\t\t\t<div class=\"elementor-element elementor-element-57cbf59 elementor-widget elementor-widget-text-editor\" data-id=\"57cbf59\" data-element_type=\"widget\" data-widget_type=\"text-editor.default\">\n\t\t\t\t<div class=\"elementor-widget-container\">\n\t\t\t\t\t\t\t\t\t<h1 style=\"caret-color: #000000; color: #000000; text-align: center;\"><span style=\"color: #89b30b; font-family: 'arial black', sans-serif;\">White Horse Theatre<\/span><\/h1>\n<div>\n<h1 style=\"margin-bottom: 0.848485em; line-height: 1.272727; text-align: center;\"><img decoding=\"async\" class=\"aligncenter wp-image-45 size-thumbnail\" style=\"border-width: medium; border-style: none; font-family: var( --e-global-typography-text-font-family ), Sans-serif; font-weight: var( --e-global-typography-text-font-weight ); font-size: 1rem;\" src=\"http:\/\/dominiquecasoni.eu\/wp-content\/uploads\/2019\/05\/WHTtransparent-PETIT-600-150x150.jpg\" alt=\"\" width=\"150\" height=\"150\" srcset=\"https:\/\/dominiquecasoni.eu\/wp-content\/uploads\/2019\/05\/WHTtransparent-PETIT-600-150x150.jpg 150w, https:\/\/dominiquecasoni.eu\/wp-content\/uploads\/2019\/05\/WHTtransparent-PETIT-600-300x297.jpg 300w, https:\/\/dominiquecasoni.eu\/wp-content\/uploads\/2019\/05\/WHTtransparent-PETIT-600-1024x1014.jpg 1024w, https:\/\/dominiquecasoni.eu\/wp-content\/uploads\/2019\/05\/WHTtransparent-PETIT-600-1200x1188.jpg 1200w\" sizes=\"(max-width: 150px) 85vw, 150px\" \/><\/h1>\n<\/div>\t\t\t\t\t\t\t\t<\/div>\n\t\t\t\t<\/div>\n\t\t\t\t\t<\/div>\n\t\t<\/div>\n\t\t\t\t\t<\/div>\n\t\t<\/section>\n\t\t\t\t<section class=\"elementor-section elementor-top-section elementor-element elementor-element-e699cc4 elementor-section-boxed elementor-section-height-default elementor-section-height-default\" data-id=\"e699cc4\" data-element_type=\"section\">\n\t\t\t\t\t\t<div class=\"elementor-container elementor-column-gap-default\">\n\t\t\t\t\t<div class=\"elementor-column elementor-col-50 elementor-top-column elementor-element elementor-element-8968607\" data-id=\"8968607\" data-element_type=\"column\">\n\t\t\t<div class=\"elementor-widget-wrap elementor-element-populated\">\n\t\t\t\t\t\t<div class=\"elementor-element elementor-element-8feae71 elementor-widget elementor-widget-image\" data-id=\"8feae71\" data-element_type=\"widget\" data-widget_type=\"image.default\">\n\t\t\t\t<div class=\"elementor-widget-container\">\n\t\t\t\t\t\t\t\t\t\t\t\t\t\t\t<img fetchpriority=\"high\" decoding=\"async\" width=\"511\" height=\"383\" src=\"https:\/\/dominiquecasoni.eu\/wp-content\/uploads\/2024\/08\/logo-pass-culture-1-png-16162.png\" class=\"attachment-large size-large wp-image-1224\" alt=\"pass Culture\" srcset=\"https:\/\/dominiquecasoni.eu\/wp-content\/uploads\/2024\/08\/logo-pass-culture-1-png-16162.png 511w, https:\/\/dominiquecasoni.eu\/wp-content\/uploads\/2024\/08\/logo-pass-culture-1-png-16162-300x225.png 300w\" sizes=\"(max-width: 511px) 85vw, 511px\" \/>\t\t\t\t\t\t\t\t\t\t\t\t\t\t\t<\/div>\n\t\t\t\t<\/div>\n\t\t\t\t\t<\/div>\n\t\t<\/div>\n\t\t\t\t<div class=\"elementor-column elementor-col-50 elementor-top-column elementor-element elementor-element-f2e8c21\" data-id=\"f2e8c21\" data-element_type=\"column\">\n\t\t\t<div class=\"elementor-widget-wrap elementor-element-populated\">\n\t\t\t\t\t\t<div class=\"elementor-element elementor-element-bf40657 elementor-widget elementor-widget-text-editor\" data-id=\"bf40657\" data-element_type=\"widget\" data-widget_type=\"text-editor.default\">\n\t\t\t\t<div class=\"elementor-widget-container\">\n\t\t\t\t\t\t\t\t\t<p><span style=\"font-family: helvetica, arial, sans-serif; font-size: 17px; font-weight: 600;\">Pour voir les offres pass Culture, cherchez \u00ab\u00a0Swee*T\u00a0\u00bb<\/span><\/p>\t\t\t\t\t\t\t\t<\/div>\n\t\t\t\t<\/div>\n\t\t\t\t\t<\/div>\n\t\t<\/div>\n\t\t\t\t\t<\/div>\n\t\t<\/section>\n\t\t\t\t<section class=\"elementor-section elementor-top-section elementor-element elementor-element-1a7487af elementor-section-boxed elementor-section-height-default elementor-section-height-default\" data-id=\"1a7487af\" data-element_type=\"section\">\n\t\t\t\t\t\t<div class=\"elementor-container elementor-column-gap-default\">\n\t\t\t\t\t<div class=\"elementor-column elementor-col-100 elementor-top-column elementor-element elementor-element-2684329c\" data-id=\"2684329c\" data-element_type=\"column\">\n\t\t\t<div class=\"elementor-widget-wrap elementor-element-populated\">\n\t\t\t\t\t\t<div class=\"elementor-element elementor-element-33dbd47b elementor-widget elementor-widget-text-editor\" data-id=\"33dbd47b\" data-element_type=\"widget\" data-widget_type=\"text-editor.default\">\n\t\t\t\t<div class=\"elementor-widget-container\">\n\t\t\t\t\t\t\t\t\t<p style=\"text-align: justify;\"><span style=\"font-family: helvetica, arial, sans-serif;\">La troupe du White Horse Theatre, \u00e9tablie depuis 45 ans, propose des pi\u00e8ces sp\u00e9cialement \u00e9crites ou adapt\u00e9es pour un public dont l&rsquo;anglais n&rsquo;est pas la langue maternelle.<\/span><\/p>\n<p style=\"text-align: justify;\"><span style=\"font-family: helvetica, arial, sans-serif;\">Les atouts de la troupe :<\/span><\/p>\n<ul>\n<li style=\"list-style-type: none;\">\n<ul>\n<li style=\"text-align: justify;\"><span style=\"font-family: helvetica, arial, sans-serif;\">Des acteurs professionnels anglophones.<\/span><\/li>\n<li style=\"text-align: justify;\"><span style=\"font-family: helvetica, arial, sans-serif;\">3 niveaux de pi\u00e8ces diff\u00e9rents pour toucher tous les publics des d\u00e9butants aux amateurs aguerris.<\/span><\/li>\n<li style=\"text-align: justify;\"><span style=\"font-size: inherit; font-family: helvetica, arial, sans-serif;\">Des pi\u00e8ces diff\u00e9rentes chaque ann\u00e9e, choisies dans un r\u00e9pertoire de plus de 60 \u0153uvres.<\/span><\/li>\n<li style=\"text-align: justify;\"><span style=\"font-size: inherit; font-family: helvetica, arial, sans-serif;\">Un livret p\u00e9dagogique et le\u00a0script des pi\u00e8ces fournis avec chaque r\u00e9servation.<\/span><\/li>\n<li style=\"text-align: justify;\"><span style=\"font-size: inherit; font-family: helvetica, arial, sans-serif;\">Une mise en sc\u00e8ne sp\u00e9cifique pour faciliter la compr\u00e9hension.<\/span><\/li>\n<li style=\"text-align: justify;\"><span style=\"font-size: inherit; font-family: helvetica, arial, sans-serif;\">L&rsquo;interaction avec le public, notamment dans les repr\u00e9sentations pour les plus jeunes.<\/span><\/li>\n<li style=\"text-align: justify;\"><span style=\"font-size: inherit; font-family: helvetica, arial, sans-serif;\">Une s\u00e9ance de questions aux acteurs \u00e0 la fin des repr\u00e9sentations.<\/span><\/li>\n<li style=\"text-align: justify;\"><span style=\"font-size: inherit; font-family: helvetica, arial, sans-serif;\">La troupe se d\u00e9place chez vous,\u00a0et peut jouer dans des conditions minimales, m\u00eame si vous n&rsquo;avez pas de salle de spectacle.<\/span><\/li>\n<\/ul>\n<\/li>\n<\/ul>\n<p style=\"text-align: justify;\"><span style=\"font-family: helvetica, arial, sans-serif;\">Pour en savoir plus:\u00a0<a href=\"mailto:casoni@white-horse-theatre.eu\">Renseignements et r\u00e9servations<\/a>\u00a0ou bien rendez vous sur le <a href=\"https:\/\/www.white-horse-theatre.eu\/index.php\/fr\/\">site internet<\/a>\u00a0de la troupe.<\/span><\/p>\n<p><span style=\"font-family: helvetica, arial, sans-serif;\"><span style=\"border-radius: 2px; text-indent: 20px; width: auto; padding: 0px 4px 0px 0px; text-align: center; font-style: normal; font-variant-caps: normal; font-weight: bold; font-size: 11px; line-height: 20px; color: #ffffff; background-size: 14px 14px; background-color: #bd081c; position: absolute; opacity: 1; z-index: 8675309; display: none; cursor: pointer; border: medium; -webkit-font-smoothing: antialiased; top: 865px; left: 50px; background-position: 3px 50%; background-repeat: no-repeat;\">Enregistrer<\/span><span style=\"border-radius: 2px; text-indent: 20px; width: auto; padding: 0px 4px 0px 0px; text-align: center; font-style: normal; font-variant-caps: normal; font-weight: bold; font-size: 11px; line-height: 20px; color: #ffffff; background-size: 14px 14px; background-color: #bd081c; position: absolute; opacity: 1; z-index: 8675309; display: none; cursor: pointer; border: medium; -webkit-font-smoothing: antialiased; top: 865px; left: 50px; background-position: 3px 50%; background-repeat: no-repeat;\">Enregistrer<\/span><\/span><\/p>\n<p><span style=\"font-family: helvetica, arial, sans-serif;\"><\/span><\/p>\n<figure class=\"wp-block-image\"><span style=\"font-family: helvetica, arial, sans-serif;\"><img decoding=\"async\" width=\"675\" height=\"506\" class=\"wp-image-177\" src=\"https:\/\/dominiquecasoni.eu\/wp-content\/uploads\/2019\/06\/illustration-WHT-.png\" alt=\"White Horse Theatre met en sc\u00e8ne des pi\u00e8ces pour des spectateurs dont l'anglais n'est pas la langue maternelle.\" srcset=\"https:\/\/dominiquecasoni.eu\/wp-content\/uploads\/2019\/06\/illustration-WHT-.png 675w, https:\/\/dominiquecasoni.eu\/wp-content\/uploads\/2019\/06\/illustration-WHT--300x225.png 300w\" sizes=\"(max-width: 675px) 85vw, 675px\" \/><\/span>\n<p>\u00a0<\/p>\n<figcaption class=\"wp-element-caption\"><span style=\"font-family: helvetica, arial, sans-serif;\">Accessoires de The Pictures of Dorian Gray, White Horse Theatre 2017<\/span><\/figcaption>\n<\/figure>\n<p><\/p>\t\t\t\t\t\t\t\t<\/div>\n\t\t\t\t<\/div>\n\t\t\t\t\t<\/div>\n\t\t<\/div>\n\t\t\t\t\t<\/div>\n\t\t<\/section>\n\t\t\t\t<\/div>\n\t\t","protected":false},"excerpt":{"rendered":"<p>White Horse Theatre Pour voir les offres pass Culture, cherchez \u00ab\u00a0Swee*T\u00a0\u00bb La troupe du White Horse Theatre, \u00e9tablie depuis 45 ans, propose des pi\u00e8ces sp\u00e9cialement \u00e9crites ou adapt\u00e9es pour un &hellip; <a href=\"https:\/\/dominiquecasoni.eu\/?page_id=23\" class=\"more-link\">Continuer la lecture<span class=\"screen-reader-text\"> de &laquo;&nbsp;White Horse Theatre \ud83c\uddec\ud83c\udde7&nbsp;&raquo;<\/span><\/a><\/p>\n","protected":false},"author":1,"featured_media":0,"parent":0,"menu_order":0,"comment_status":"closed","ping_status":"closed","template":"","meta":{"footnotes":""},"class_list":["post-23","page","type-page","status-publish","hentry"],"aioseo_notices":[],"jetpack_sharing_enabled":true,"_links":{"self":[{"href":"https:\/\/dominiquecasoni.eu\/index.php?rest_route=\/wp\/v2\/pages\/23","targetHints":{"allow":["GET"]}}],"collection":[{"href":"https:\/\/dominiquecasoni.eu\/index.php?rest_route=\/wp\/v2\/pages"}],"about":[{"href":"https:\/\/dominiquecasoni.eu\/index.php?rest_route=\/wp\/v2\/types\/page"}],"author":[{"embeddable":true,"href":"https:\/\/dominiquecasoni.eu\/index.php?rest_route=\/wp\/v2\/users\/1"}],"replies":[{"embeddable":true,"href":"https:\/\/dominiquecasoni.eu\/index.php?rest_route=%2Fwp%2Fv2%2Fcomments&post=23"}],"version-history":[{"count":16,"href":"https:\/\/dominiquecasoni.eu\/index.php?rest_route=\/wp\/v2\/pages\/23\/revisions"}],"predecessor-version":[{"id":1238,"href":"https:\/\/dominiquecasoni.eu\/index.php?rest_route=\/wp\/v2\/pages\/23\/revisions\/1238"}],"wp:attachment":[{"href":"https:\/\/dominiquecasoni.eu\/index.php?rest_route=%2Fwp%2Fv2%2Fmedia&parent=23"}],"curies":[{"name":"wp","href":"https:\/\/api.w.org\/{rel}","templated":true}]}}