{"id":18,"date":"2019-05-19T23:18:46","date_gmt":"2019-05-19T21:18:46","guid":{"rendered":"http:\/\/dominiquecasoni.eu\/?page_id=18"},"modified":"2026-01-03T10:28:44","modified_gmt":"2026-01-03T09:28:44","slug":"home","status":"publish","type":"page","link":"https:\/\/dominiquecasoni.eu\/","title":{"rendered":"Bienvenue"},"content":{"rendered":"\t\t<div data-elementor-type=\"wp-page\" data-elementor-id=\"18\" class=\"elementor elementor-18\">\n\t\t\t\t\t\t<section class=\"elementor-section elementor-top-section elementor-element elementor-element-64a9540 elementor-section-boxed elementor-section-height-default elementor-section-height-default\" data-id=\"64a9540\" data-element_type=\"section\">\n\t\t\t\t\t\t<div class=\"elementor-container elementor-column-gap-default\">\n\t\t\t\t\t<div class=\"elementor-column elementor-col-100 elementor-top-column elementor-element elementor-element-80ab583\" data-id=\"80ab583\" data-element_type=\"column\">\n\t\t\t<div class=\"elementor-widget-wrap elementor-element-populated\">\n\t\t\t\t\t\t<div class=\"elementor-element elementor-element-f534f96 elementor-widget elementor-widget-image\" data-id=\"f534f96\" data-element_type=\"widget\" data-widget_type=\"image.default\">\n\t\t\t\t<div class=\"elementor-widget-container\">\n\t\t\t\t\t\t\t\t\t\t\t\t\t\t\t<img fetchpriority=\"high\" decoding=\"async\" width=\"840\" height=\"840\" src=\"https:\/\/dominiquecasoni.eu\/wp-content\/uploads\/2026\/01\/VOEUX-DC-2026-1024x1024.jpg\" class=\"attachment-large size-large wp-image-1772\" alt=\"Meilleurs Voeux pour la nouvelle ann\u00e9e\" srcset=\"https:\/\/dominiquecasoni.eu\/wp-content\/uploads\/2026\/01\/VOEUX-DC-2026-1024x1024.jpg 1024w, https:\/\/dominiquecasoni.eu\/wp-content\/uploads\/2026\/01\/VOEUX-DC-2026-300x300.jpg 300w, https:\/\/dominiquecasoni.eu\/wp-content\/uploads\/2026\/01\/VOEUX-DC-2026-150x150.jpg 150w, https:\/\/dominiquecasoni.eu\/wp-content\/uploads\/2026\/01\/VOEUX-DC-2026-768x768.jpg 768w, https:\/\/dominiquecasoni.eu\/wp-content\/uploads\/2026\/01\/VOEUX-DC-2026-1536x1536.jpg 1536w, https:\/\/dominiquecasoni.eu\/wp-content\/uploads\/2026\/01\/VOEUX-DC-2026-1200x1200.jpg 1200w, https:\/\/dominiquecasoni.eu\/wp-content\/uploads\/2026\/01\/VOEUX-DC-2026.jpg 2000w\" sizes=\"(max-width: 709px) 85vw, (max-width: 909px) 67vw, (max-width: 1362px) 62vw, 840px\" \/>\t\t\t\t\t\t\t\t\t\t\t\t\t\t\t<\/div>\n\t\t\t\t<\/div>\n\t\t\t\t\t<\/div>\n\t\t<\/div>\n\t\t\t\t\t<\/div>\n\t\t<\/section>\n\t\t\t\t<section class=\"elementor-section elementor-top-section elementor-element elementor-element-f70ca23 elementor-section-boxed elementor-section-height-default elementor-section-height-default\" data-id=\"f70ca23\" data-element_type=\"section\">\n\t\t\t\t\t\t<div class=\"elementor-container elementor-column-gap-default\">\n\t\t\t\t\t<div class=\"elementor-column elementor-col-20 elementor-top-column elementor-element elementor-element-28f85b6\" data-id=\"28f85b6\" data-element_type=\"column\">\n\t\t\t<div class=\"elementor-widget-wrap elementor-element-populated\">\n\t\t\t\t\t\t<div class=\"elementor-element elementor-element-eb88a81 elementor-widget elementor-widget-image\" data-id=\"eb88a81\" data-element_type=\"widget\" data-widget_type=\"image.default\">\n\t\t\t\t<div class=\"elementor-widget-container\">\n\t\t\t\t\t\t\t\t\t\t\t\t<figure class=\"wp-caption\">\n\t\t\t\t\t\t\t\t\t\t\t<a href=\"https:\/\/dominiquecasoni.eu\/alessandro-visentin-\ud83c\udde9\ud83c\uddea\ud83c\uddec\ud83c\udde7\/\">\n\t\t\t\t\t\t\t<img decoding=\"async\" width=\"577\" height=\"712\" src=\"https:\/\/dominiquecasoni.eu\/wp-content\/uploads\/2021\/12\/IMG_0023_censored.jpg\" class=\"attachment-large size-large wp-image-704\" alt=\"Monologues\" srcset=\"https:\/\/dominiquecasoni.eu\/wp-content\/uploads\/2021\/12\/IMG_0023_censored.jpg 577w, https:\/\/dominiquecasoni.eu\/wp-content\/uploads\/2021\/12\/IMG_0023_censored-243x300.jpg 243w\" sizes=\"(max-width: 577px) 85vw, 577px\" \/>\t\t\t\t\t\t\t\t<\/a>\n\t\t\t\t\t\t\t\t\t\t\t<figcaption class=\"widget-image-caption wp-caption-text\"><\/figcaption>\n\t\t\t\t\t\t\t\t\t\t<\/figure>\n\t\t\t\t\t\t\t\t\t<\/div>\n\t\t\t\t<\/div>\n\t\t\t\t\t<\/div>\n\t\t<\/div>\n\t\t\t\t<div class=\"elementor-column elementor-col-20 elementor-top-column elementor-element elementor-element-d2ef608\" data-id=\"d2ef608\" data-element_type=\"column\">\n\t\t\t<div class=\"elementor-widget-wrap elementor-element-populated\">\n\t\t\t\t\t\t<div class=\"elementor-element elementor-element-d1a0805 elementor-widget elementor-widget-image\" data-id=\"d1a0805\" data-element_type=\"widget\" data-widget_type=\"image.default\">\n\t\t\t\t<div class=\"elementor-widget-container\">\n\t\t\t\t\t\t\t\t\t\t\t\t<figure class=\"wp-caption\">\n\t\t\t\t\t\t\t\t\t\t\t<a href=\"https:\/\/dominiquecasoni.eu\/tom-corradini-teatro-\ud83c\uddee\ud83c\uddf9\/\">\n\t\t\t\t\t\t\t<img decoding=\"async\" width=\"840\" height=\"630\" src=\"https:\/\/dominiquecasoni.eu\/wp-content\/uploads\/2024\/08\/IMG_0547-1024x768.jpeg\" class=\"attachment-large size-large wp-image-1373\" alt=\"Une sc\u00e8ne de Caligola, par Tom Corradini Teatro\" srcset=\"https:\/\/dominiquecasoni.eu\/wp-content\/uploads\/2024\/08\/IMG_0547-1024x768.jpeg 1024w, https:\/\/dominiquecasoni.eu\/wp-content\/uploads\/2024\/08\/IMG_0547-300x225.jpeg 300w, https:\/\/dominiquecasoni.eu\/wp-content\/uploads\/2024\/08\/IMG_0547-768x576.jpeg 768w, https:\/\/dominiquecasoni.eu\/wp-content\/uploads\/2024\/08\/IMG_0547-1536x1152.jpeg 1536w, https:\/\/dominiquecasoni.eu\/wp-content\/uploads\/2024\/08\/IMG_0547-1200x900.jpeg 1200w, https:\/\/dominiquecasoni.eu\/wp-content\/uploads\/2024\/08\/IMG_0547.jpeg 2048w\" sizes=\"(max-width: 709px) 85vw, (max-width: 909px) 67vw, (max-width: 1362px) 62vw, 840px\" \/>\t\t\t\t\t\t\t\t<\/a>\n\t\t\t\t\t\t\t\t\t\t\t<figcaption class=\"widget-image-caption wp-caption-text\">\u2022Ci-dessus Caligula par Tom Corradini Teatro, \u2022Ci-contre Monologues par Alessandro Visentin<\/figcaption>\n\t\t\t\t\t\t\t\t\t\t<\/figure>\n\t\t\t\t\t\t\t\t\t<\/div>\n\t\t\t\t<\/div>\n\t\t\t\t\t<\/div>\n\t\t<\/div>\n\t\t\t\t<div class=\"elementor-column elementor-col-20 elementor-top-column elementor-element elementor-element-7426d25\" data-id=\"7426d25\" data-element_type=\"column\">\n\t\t\t<div class=\"elementor-widget-wrap elementor-element-populated\">\n\t\t\t\t\t\t<div class=\"elementor-element elementor-element-a939875 elementor-widget elementor-widget-image\" data-id=\"a939875\" data-element_type=\"widget\" data-widget_type=\"image.default\">\n\t\t\t\t<div class=\"elementor-widget-container\">\n\t\t\t\t\t\t\t\t\t\t\t\t<figure class=\"wp-caption\">\n\t\t\t\t\t\t\t\t\t\t\t<a href=\"https:\/\/dominiquecasoni.eu\/tableau-noir-\ud83c\uddeb\ud83c\uddf7\/\">\n\t\t\t\t\t\t\t<img loading=\"lazy\" decoding=\"async\" width=\"840\" height=\"630\" src=\"https:\/\/dominiquecasoni.eu\/wp-content\/uploads\/2022\/09\/IMG_6849-1024x768.jpeg\" class=\"attachment-large size-large wp-image-1062\" alt=\"\" srcset=\"https:\/\/dominiquecasoni.eu\/wp-content\/uploads\/2022\/09\/IMG_6849-1024x768.jpeg 1024w, https:\/\/dominiquecasoni.eu\/wp-content\/uploads\/2022\/09\/IMG_6849-300x225.jpeg 300w, https:\/\/dominiquecasoni.eu\/wp-content\/uploads\/2022\/09\/IMG_6849-768x576.jpeg 768w, https:\/\/dominiquecasoni.eu\/wp-content\/uploads\/2022\/09\/IMG_6849-1536x1152.jpeg 1536w, https:\/\/dominiquecasoni.eu\/wp-content\/uploads\/2022\/09\/IMG_6849-2048x1536.jpeg 2048w, https:\/\/dominiquecasoni.eu\/wp-content\/uploads\/2022\/09\/IMG_6849-1200x900.jpeg 1200w\" sizes=\"(max-width: 709px) 85vw, (max-width: 909px) 67vw, (max-width: 1362px) 62vw, 840px\" \/>\t\t\t\t\t\t\t\t<\/a>\n\t\t\t\t\t\t\t\t\t\t\t<figcaption class=\"widget-image-caption wp-caption-text\">Tableau Noir propose plusieurs spectacles sur les po\u00e8tes du XIXe si\u00e8cle<\/figcaption>\n\t\t\t\t\t\t\t\t\t\t<\/figure>\n\t\t\t\t\t\t\t\t\t<\/div>\n\t\t\t\t<\/div>\n\t\t\t\t\t<\/div>\n\t\t<\/div>\n\t\t\t\t<div class=\"elementor-column elementor-col-20 elementor-top-column elementor-element elementor-element-7205f1f\" data-id=\"7205f1f\" data-element_type=\"column\">\n\t\t\t<div class=\"elementor-widget-wrap elementor-element-populated\">\n\t\t\t\t\t\t<div class=\"elementor-element elementor-element-5111ac5 elementor-widget elementor-widget-image\" data-id=\"5111ac5\" data-element_type=\"widget\" data-widget_type=\"image.default\">\n\t\t\t\t<div class=\"elementor-widget-container\">\n\t\t\t\t\t\t\t\t\t\t\t\t<figure class=\"wp-caption\">\n\t\t\t\t\t\t\t\t\t\t\t<a href=\"https:\/\/dominiquecasoni.eu\/white-horse-theatre\/\">\n\t\t\t\t\t\t\t<img loading=\"lazy\" decoding=\"async\" width=\"840\" height=\"405\" src=\"https:\/\/dominiquecasoni.eu\/wp-content\/uploads\/2024\/08\/Shrew-1024x494.jpeg\" class=\"attachment-large size-large wp-image-1362\" alt=\"White Horse Theatre\" srcset=\"https:\/\/dominiquecasoni.eu\/wp-content\/uploads\/2024\/08\/Shrew-1024x494.jpeg 1024w, https:\/\/dominiquecasoni.eu\/wp-content\/uploads\/2024\/08\/Shrew-300x145.jpeg 300w, https:\/\/dominiquecasoni.eu\/wp-content\/uploads\/2024\/08\/Shrew-768x370.jpeg 768w, https:\/\/dominiquecasoni.eu\/wp-content\/uploads\/2024\/08\/Shrew-1536x741.jpeg 1536w, https:\/\/dominiquecasoni.eu\/wp-content\/uploads\/2024\/08\/Shrew-2048x988.jpeg 2048w, https:\/\/dominiquecasoni.eu\/wp-content\/uploads\/2024\/08\/Shrew-1200x579.jpeg 1200w\" sizes=\"(max-width: 709px) 85vw, (max-width: 909px) 67vw, (max-width: 1362px) 62vw, 840px\" \/>\t\t\t\t\t\t\t\t<\/a>\n\t\t\t\t\t\t\t\t\t\t\t<figcaption class=\"widget-image-caption wp-caption-text\">Ci-dessus programmation double pour White Horse Theatre en 2024-2025, ci-contre, Deux spectacles seuls-en-sc\u00e8ne jou\u00e9s par S\u00e9Bastien G\u00e9rard de Texte au Corps<\/figcaption>\n\t\t\t\t\t\t\t\t\t\t<\/figure>\n\t\t\t\t\t\t\t\t\t<\/div>\n\t\t\t\t<\/div>\n\t\t\t\t\t<\/div>\n\t\t<\/div>\n\t\t\t\t<div class=\"elementor-column elementor-col-20 elementor-top-column elementor-element elementor-element-a964f74\" data-id=\"a964f74\" data-element_type=\"column\">\n\t\t\t<div class=\"elementor-widget-wrap elementor-element-populated\">\n\t\t\t\t\t\t<div class=\"elementor-element elementor-element-97ec13c elementor-widget elementor-widget-image\" data-id=\"97ec13c\" data-element_type=\"widget\" data-widget_type=\"image.default\">\n\t\t\t\t<div class=\"elementor-widget-container\">\n\t\t\t\t\t\t\t\t\t\t\t\t<figure class=\"wp-caption\">\n\t\t\t\t\t\t\t\t\t\t\t<a href=\"https:\/\/www.youtube.com\/watch?v=Tb4vcDEtAuE&#038;t=1s\">\n\t\t\t\t\t\t\t<img loading=\"lazy\" decoding=\"async\" width=\"768\" height=\"1024\" src=\"https:\/\/dominiquecasoni.eu\/wp-content\/uploads\/2024\/08\/LImpromptu-de-Versailles-768x1024.png\" class=\"attachment-large size-large wp-image-1320\" alt=\"S\u00e9Bastien G\u00e9rard dans L&#039;Impromptu de Versailles\" srcset=\"https:\/\/dominiquecasoni.eu\/wp-content\/uploads\/2024\/08\/LImpromptu-de-Versailles-768x1024.png 768w, https:\/\/dominiquecasoni.eu\/wp-content\/uploads\/2024\/08\/LImpromptu-de-Versailles-225x300.png 225w, https:\/\/dominiquecasoni.eu\/wp-content\/uploads\/2024\/08\/LImpromptu-de-Versailles-1152x1536.png 1152w, https:\/\/dominiquecasoni.eu\/wp-content\/uploads\/2024\/08\/LImpromptu-de-Versailles-1200x1600.png 1200w, https:\/\/dominiquecasoni.eu\/wp-content\/uploads\/2024\/08\/LImpromptu-de-Versailles-e1724511844628.png 536w\" sizes=\"(max-width: 768px) 85vw, 768px\" \/>\t\t\t\t\t\t\t\t<\/a>\n\t\t\t\t\t\t\t\t\t\t\t<figcaption class=\"widget-image-caption wp-caption-text\"><\/figcaption>\n\t\t\t\t\t\t\t\t\t\t<\/figure>\n\t\t\t\t\t\t\t\t\t<\/div>\n\t\t\t\t<\/div>\n\t\t\t\t\t<\/div>\n\t\t<\/div>\n\t\t\t\t\t<\/div>\n\t\t<\/section>\n\t\t\t\t<section class=\"elementor-section elementor-top-section elementor-element elementor-element-693a8ce8 elementor-section-boxed elementor-section-height-default elementor-section-height-default\" data-id=\"693a8ce8\" data-element_type=\"section\">\n\t\t\t\t\t\t<div class=\"elementor-container elementor-column-gap-default\">\n\t\t\t\t\t<div class=\"elementor-column elementor-col-100 elementor-top-column elementor-element elementor-element-2b725f79\" data-id=\"2b725f79\" data-element_type=\"column\">\n\t\t\t<div class=\"elementor-widget-wrap elementor-element-populated\">\n\t\t\t\t\t\t<div class=\"elementor-element elementor-element-735c2caa elementor-widget elementor-widget-text-editor\" data-id=\"735c2caa\" data-element_type=\"widget\" data-widget_type=\"text-editor.default\">\n\t\t\t\t<div class=\"elementor-widget-container\">\n\t\t\t\t\t\t\t\t\t<h5><span style=\"font-family: helvetica, arial, sans-serif;\">Spectacles et ateliers au programme<\/span><\/h5><p><span style=\"font-family: helvetica, arial, sans-serif;\">En Langues vivantes \u00e9trang\u00e8res,\u00a0<span style=\"color: #6fa500;\"><strong><span style=\"color: #6fa500;\"><a style=\"color: #6fa500;\" href=\"https:\/\/dominiquecasoni.eu\/?page_id=33\">Tom Corradini<\/a><\/span>,<\/strong><a style=\"color: #6fa500;\" href=\"https:\/\/dominiquecasoni.eu\/alessandro-visentin-\ud83c\udde9\ud83c\uddea\ud83c\uddec\ud83c\udde7\/\">\u00a0<\/a><\/span><\/span><span style=\"color: #6fa500;\"><a style=\"color: #6fa500;\" href=\"https:\/\/dominiquecasoni.eu\/?page_id=29\" target=\"_blank\" rel=\"noopener\"><b>Alessandro Visentin<\/b><\/a><\/span><span style=\"font-family: helvetica, arial, sans-serif;\"><strong>\u00a0<\/strong>et son acolyte <strong><span style=\"color: #6fa500;\">Calvin Petersen<\/span><\/strong>,<span style=\"color: #6fa500;\"><strong>\u00a0<span style=\"color: #6fa500;\"><a style=\"color: #6fa500;\" href=\"https:\/\/dominiquecasoni.eu\/?page_id=33\">White Horse Theatre <\/a><\/span><\/strong><\/span>pr\u00e9parent leurs tourn\u00e9e en France.<\/span><\/p><p><span style=\"font-family: helvetica, arial, sans-serif; font-size: 1rem;\">En fran\u00e7ais, <strong><span style=\"color: #6fa500;\"><a style=\"color: #6fa500;\" href=\"https:\/\/dominiquecasoni.eu\/?page_id=37\">Tableau Noir<\/a><\/span><\/strong> et <strong><span style=\"color: #6fa500;\"><a style=\"color: #6fa500;\" href=\"https:\/\/dominiquecasoni.eu\/?page_id=1319\">Texte au Corps<\/a> <\/span><\/strong>pr\u00e9senteront des spectacles toute l&rsquo;ann\u00e9e.\u00a0<\/span><\/p><p><span style=\"font-family: helvetica, arial, sans-serif;\"><span style=\"font-size: 1rem;\">\u00c0 voir ou \u00e0 faire : le th\u00e9\u00e2tre pour pratiquer les langues vivantes, pour d\u00e9couvrir une \u0153uvre compl\u00e8te ou pour aborder de grands classiques d&rsquo;une mani\u00e8re <\/span>diff\u00e9rente.\u00a0<\/span><\/p><p><span style=\"font-family: helvetica, arial, sans-serif;\">Le th\u00e9\u00e2tre offre des possibilit\u00e9s infinies en mati\u00e8re de d\u00e9couverte culturelle, \u00a0d&rsquo;apprentissage des langues, de savoirs et de savoir-faire. Que ce soit gr\u00e2ce \u00e0 des repr\u00e9sentations en V.O. ou au travers d&rsquo;ateliers de techniques th\u00e9\u00e2trales.<\/span><\/p><p><span style=\"font-family: helvetica, arial, sans-serif;\">D\u00e9couvrez une autre mani\u00e8re de pratiquer les langues vivantes et de les associer \u00e0 la culture d&rsquo;un pays.<\/span><\/p><p style=\"text-align: left;\"><span style=\"font-family: helvetica, arial, sans-serif;\">Notez que nos artistes proposent des spectacles et des ateliers qui tiennent compte de la crise sanitaire.<\/span><\/p><p><span style=\"font-family: helvetica, arial, sans-serif;\"><span style=\"font-weight: bold;\"><img loading=\"lazy\" decoding=\"async\" draggable=\"false\" src=\"https:\/\/s.w.org\/images\/core\/emoji\/12.0.0-1\/svg\/1f1ec-1f1e7.svg\" alt=\"\ud83c\uddec\ud83c\udde7\" width=\"53\" height=\"53\" \/><\/span><strong>\u2022 Alessandro Visentin et Calvin Petersen\u00a0<\/strong><em>&#8211; repr\u00e9sentations et ateliers sur mesure<\/em><\/span><\/p><p style=\"text-align: left;\"><span style=\"font-family: helvetica, arial, sans-serif;\"><img loading=\"lazy\" decoding=\"async\" style=\"font-style: italic; font-weight: bold; color: var( --e-global-color-text ); font-size: 1rem;\" draggable=\"false\" src=\"https:\/\/s.w.org\/images\/core\/emoji\/12.0.0-1\/svg\/1f1ee-1f1f9.svg\" alt=\"\ud83c\uddee\ud83c\uddf9\" width=\"53\" height=\"53\" \/><strong>\u2022 Tom Corradini Teatro \u00a0<\/strong><em>&#8211; repr\u00e9sentations<\/em><\/span><\/p><p style=\"text-align: left;\"><span style=\"font-family: helvetica, arial, sans-serif;\"><img loading=\"lazy\" decoding=\"async\" style=\"font-weight: bold; color: var( --e-global-color-text ); font-size: 1rem;\" draggable=\"false\" src=\"https:\/\/s.w.org\/images\/core\/emoji\/12.0.0-1\/svg\/1f1eb-1f1f7.svg\" alt=\"\ud83c\uddeb\ud83c\uddf7\" width=\"49\" height=\"49\" \/><span style=\"font-weight: bold; color: var( --e-global-color-text ); font-size: 1rem;\">\u00a0<\/span><strong>\u2022 Tableau Noir <\/strong><em>&#8211; spectacle musico-po\u00e9tique<\/em><\/span><\/p><p style=\"text-align: left;\"><span style=\"font-family: helvetica, arial, sans-serif;\"><img loading=\"lazy\" decoding=\"async\" style=\"font-size: 1rem; border-width: medium; font-weight: bold;\" draggable=\"false\" src=\"https:\/\/s.w.org\/images\/core\/emoji\/12.0.0-1\/svg\/1f1eb-1f1f7.svg\" alt=\"\ud83c\uddeb\ud83c\uddf7\" width=\"49\" height=\"49\" \/><span style=\"font-size: 1rem; font-weight: bold;\">\u00a0<\/span><strong style=\"font-size: 1rem;\">\u2022<\/strong><b>Texte au Corps &#8211;<\/b><i>\u00a0repr\u00e9sentations et ateliers<\/i><\/span><\/p><p style=\"text-align: left;\"><span style=\"font-family: helvetica, arial, sans-serif;\"><img loading=\"lazy\" decoding=\"async\" style=\"color: var( --e-global-color-text ); font-size: 1rem; font-weight: bold;\" draggable=\"false\" src=\"https:\/\/s.w.org\/images\/core\/emoji\/12.0.0-1\/svg\/1f1ec-1f1e7.svg\" alt=\"\ud83c\uddec\ud83c\udde7\" width=\"48\" height=\"48\" \/><span style=\"color: var( --e-global-color-text ); font-size: 1rem; font-weight: bold;\">\u00a0<\/span><span style=\"color: var( --e-global-color-text ); font-size: 1rem; font-weight: bold;\">\u2022 White Horse Theatre\u00a0<\/span><span style=\"color: var( --e-global-color-text ); font-size: 1rem; font-style: italic;\">&#8211; repr\u00e9sentations<\/span><\/span><\/p><figure><a title=\"Politique de confidentialit\u00e9\" href=\"https:\/\/dominiquecasoni.eu\/?page_id=3\">Politique de confidentialit\u00e9<\/a><\/figure>\t\t\t\t\t\t\t\t<\/div>\n\t\t\t\t<\/div>\n\t\t\t\t\t<\/div>\n\t\t<\/div>\n\t\t\t\t\t<\/div>\n\t\t<\/section>\n\t\t\t\t<\/div>\n\t\t","protected":false},"excerpt":{"rendered":"<p>\u2022Ci-dessus Caligula par Tom Corradini Teatro, \u2022Ci-contre Monologues par Alessandro Visentin Tableau Noir propose plusieurs spectacles sur les po\u00e8tes du XIXe si\u00e8cle Ci-dessus programmation double pour White Horse Theatre en &hellip; <a href=\"https:\/\/dominiquecasoni.eu\/\" class=\"more-link\">Continuer la lecture<span class=\"screen-reader-text\"> de &laquo;&nbsp;Bienvenue&nbsp;&raquo;<\/span><\/a><\/p>\n","protected":false},"author":1,"featured_media":0,"parent":0,"menu_order":1,"comment_status":"closed","ping_status":"closed","template":"","meta":{"footnotes":""},"class_list":["post-18","page","type-page","status-publish","hentry"],"aioseo_notices":[],"jetpack_sharing_enabled":true,"_links":{"self":[{"href":"https:\/\/dominiquecasoni.eu\/index.php?rest_route=\/wp\/v2\/pages\/18","targetHints":{"allow":["GET"]}}],"collection":[{"href":"https:\/\/dominiquecasoni.eu\/index.php?rest_route=\/wp\/v2\/pages"}],"about":[{"href":"https:\/\/dominiquecasoni.eu\/index.php?rest_route=\/wp\/v2\/types\/page"}],"author":[{"embeddable":true,"href":"https:\/\/dominiquecasoni.eu\/index.php?rest_route=\/wp\/v2\/users\/1"}],"replies":[{"embeddable":true,"href":"https:\/\/dominiquecasoni.eu\/index.php?rest_route=%2Fwp%2Fv2%2Fcomments&post=18"}],"version-history":[{"count":131,"href":"https:\/\/dominiquecasoni.eu\/index.php?rest_route=\/wp\/v2\/pages\/18\/revisions"}],"predecessor-version":[{"id":1776,"href":"https:\/\/dominiquecasoni.eu\/index.php?rest_route=\/wp\/v2\/pages\/18\/revisions\/1776"}],"wp:attachment":[{"href":"https:\/\/dominiquecasoni.eu\/index.php?rest_route=%2Fwp%2Fv2%2Fmedia&parent=18"}],"curies":[{"name":"wp","href":"https:\/\/api.w.org\/{rel}","templated":true}]}}