{"id":1506,"date":"2025-08-23T11:57:26","date_gmt":"2025-08-23T09:57:26","guid":{"rendered":"https:\/\/dominiquecasoni.eu\/?page_id=1506"},"modified":"2025-08-23T12:11:39","modified_gmt":"2025-08-23T10:11:39","slug":"une-piece-qui-retrace-lascension-au-pouvoir-et-la-chute-du-dicateur-italien","status":"publish","type":"page","link":"https:\/\/dominiquecasoni.eu\/?page_id=1506","title":{"rendered":"Mussolini"},"content":{"rendered":"\t\t<div data-elementor-type=\"wp-page\" data-elementor-id=\"1506\" class=\"elementor elementor-1506\">\n\t\t\t\t\t\t<section class=\"elementor-section elementor-top-section elementor-element elementor-element-d2630db elementor-section-boxed elementor-section-height-default elementor-section-height-default\" data-id=\"d2630db\" data-element_type=\"section\">\n\t\t\t\t\t\t<div class=\"elementor-container elementor-column-gap-default\">\n\t\t\t\t\t<div class=\"elementor-column elementor-col-50 elementor-top-column elementor-element elementor-element-7f149dd\" data-id=\"7f149dd\" data-element_type=\"column\">\n\t\t\t<div class=\"elementor-widget-wrap elementor-element-populated\">\n\t\t\t\t\t\t<div class=\"elementor-element elementor-element-a6af618 elementor-icon-list--layout-traditional elementor-list-item-link-full_width elementor-widget elementor-widget-icon-list\" data-id=\"a6af618\" data-element_type=\"widget\" data-widget_type=\"icon-list.default\">\n\t\t\t\t<div class=\"elementor-widget-container\">\n\t\t\t\t\t\t\t<ul class=\"elementor-icon-list-items\">\n\t\t\t\t\t\t\t<li class=\"elementor-icon-list-item\">\n\t\t\t\t\t\t\t\t\t\t\t<span class=\"elementor-icon-list-icon\">\n\t\t\t\t\t\t\t<i aria-hidden=\"true\" class=\"fas fa-check\"><\/i>\t\t\t\t\t\t<\/span>\n\t\t\t\t\t\t\t\t\t\t<span class=\"elementor-icon-list-text\"><b>Type : <\/b>spectacle<b> <\/b><\/span>\n\t\t\t\t\t\t\t\t\t<\/li>\n\t\t\t\t\t\t\t\t<li class=\"elementor-icon-list-item\">\n\t\t\t\t\t\t\t\t\t\t\t<span class=\"elementor-icon-list-icon\">\n\t\t\t\t\t\t\t<i aria-hidden=\"true\" class=\"fas fa-times\"><\/i>\t\t\t\t\t\t<\/span>\n\t\t\t\t\t\t\t\t\t\t<span class=\"elementor-icon-list-text\"><b>Niveau : <\/b>avanc\u00e9, lyc\u00e9es, sup\u00e9rieur, tout public<\/span>\n\t\t\t\t\t\t\t\t\t<\/li>\n\t\t\t\t\t\t\t\t<li class=\"elementor-icon-list-item\">\n\t\t\t\t\t\t\t\t\t\t\t<span class=\"elementor-icon-list-icon\">\n\t\t\t\t\t\t\t<i aria-hidden=\"true\" class=\"fas fa-dot-circle\"><\/i>\t\t\t\t\t\t<\/span>\n\t\t\t\t\t\t\t\t\t\t<span class=\"elementor-icon-list-text\"><b>Langue : <\/b>italien<\/span>\n\t\t\t\t\t\t\t\t\t<\/li>\n\t\t\t\t\t\t<\/ul>\n\t\t\t\t\t\t<\/div>\n\t\t\t\t<\/div>\n\t\t\t\t\t<\/div>\n\t\t<\/div>\n\t\t\t\t<div class=\"elementor-column elementor-col-50 elementor-top-column elementor-element elementor-element-1f52e14\" data-id=\"1f52e14\" data-element_type=\"column\">\n\t\t\t<div class=\"elementor-widget-wrap elementor-element-populated\">\n\t\t\t\t\t\t<div class=\"elementor-element elementor-element-9e3ab6e elementor-widget elementor-widget-image\" data-id=\"9e3ab6e\" data-element_type=\"widget\" data-widget_type=\"image.default\">\n\t\t\t\t<div class=\"elementor-widget-container\">\n\t\t\t\t\t\t\t\t\t\t\t\t\t\t\t<img fetchpriority=\"high\" decoding=\"async\" width=\"251\" height=\"300\" src=\"https:\/\/dominiquecasoni.eu\/wp-content\/uploads\/2022\/06\/IMG_4643-scaled-e1655211670267-251x300.jpg\" class=\"attachment-medium size-medium wp-image-826\" alt=\"Repr\u00e9sentation Gran Consiglio\" srcset=\"https:\/\/dominiquecasoni.eu\/wp-content\/uploads\/2022\/06\/IMG_4643-scaled-e1655211670267-251x300.jpg 251w, https:\/\/dominiquecasoni.eu\/wp-content\/uploads\/2022\/06\/IMG_4643-scaled-e1655211670267-856x1024.jpg 856w, https:\/\/dominiquecasoni.eu\/wp-content\/uploads\/2022\/06\/IMG_4643-scaled-e1655211670267-768x919.jpg 768w, https:\/\/dominiquecasoni.eu\/wp-content\/uploads\/2022\/06\/IMG_4643-scaled-e1655211670267-1284x1536.jpg 1284w, https:\/\/dominiquecasoni.eu\/wp-content\/uploads\/2022\/06\/IMG_4643-scaled-e1655211670267-1200x1435.jpg 1200w, https:\/\/dominiquecasoni.eu\/wp-content\/uploads\/2022\/06\/IMG_4643-scaled-e1655211670267.jpg 1591w\" sizes=\"(max-width: 251px) 85vw, 251px\" \/>\t\t\t\t\t\t\t\t\t\t\t\t\t\t\t<\/div>\n\t\t\t\t<\/div>\n\t\t\t\t\t<\/div>\n\t\t<\/div>\n\t\t\t\t\t<\/div>\n\t\t<\/section>\n\t\t\t\t<section class=\"elementor-section elementor-top-section elementor-element elementor-element-7ceae15 elementor-section-boxed elementor-section-height-default elementor-section-height-default\" data-id=\"7ceae15\" data-element_type=\"section\">\n\t\t\t\t\t\t<div class=\"elementor-container elementor-column-gap-default\">\n\t\t\t\t\t<div class=\"elementor-column elementor-col-100 elementor-top-column elementor-element elementor-element-af99e98\" data-id=\"af99e98\" data-element_type=\"column\">\n\t\t\t<div class=\"elementor-widget-wrap elementor-element-populated\">\n\t\t\t\t\t\t<div class=\"elementor-element elementor-element-9fc01cc elementor-widget elementor-widget-heading\" data-id=\"9fc01cc\" data-element_type=\"widget\" data-widget_type=\"heading.default\">\n\t\t\t\t<div class=\"elementor-widget-container\">\n\t\t\t\t\t<h2 class=\"elementor-heading-title elementor-size-default\"><span class=\"elementor-heading-title elementor-size-default elementor-inline-editing pen\" data-elementor-setting-key=\"title\" data-pen-placeholder=\"\u00c9crivez ici...\" style=\"clear: both;margin-bottom: 1.217391em;line-height: 1.217391;font-size: 1.4375rem\">Pr\u00e9sentation<\/span><\/h2>\t\t\t\t<\/div>\n\t\t\t\t<\/div>\n\t\t\t\t<div class=\"elementor-element elementor-element-81bcc5d elementor-widget elementor-widget-heading\" data-id=\"81bcc5d\" data-element_type=\"widget\" data-widget_type=\"heading.default\">\n\t\t\t\t<div class=\"elementor-widget-container\">\n\t\t\t\t\t<h2 class=\"elementor-heading-title elementor-size-default\"><font color=\"#7a7a7a\" size=\"3\"><span style=\"font-weight: 400\">Seul en sc\u00e8ne prim\u00e9 au festival d'Avignon off 2017, ce spectacle retrace la vie du dictateur italien. D\u00e9bordant d'\u00e9nergie, Tom Corradini propose un spectacle tr\u00e8s visuel accessible \u00e0 tous. La pi\u00e8ce est suivie d'un \u00e9change avec l'artiste.&nbsp;<\/span><\/font><\/h2>\t\t\t\t<\/div>\n\t\t\t\t<\/div>\n\t\t\t\t\t<\/div>\n\t\t<\/div>\n\t\t\t\t\t<\/div>\n\t\t<\/section>\n\t\t\t\t<section class=\"elementor-section elementor-top-section elementor-element elementor-element-c82afd7 elementor-section-boxed elementor-section-height-default elementor-section-height-default\" data-id=\"c82afd7\" data-element_type=\"section\">\n\t\t\t\t\t\t<div class=\"elementor-container elementor-column-gap-default\">\n\t\t\t\t\t<div class=\"elementor-column elementor-col-100 elementor-top-column elementor-element elementor-element-2011b65\" data-id=\"2011b65\" data-element_type=\"column\">\n\t\t\t<div class=\"elementor-widget-wrap elementor-element-populated\">\n\t\t\t\t\t\t<div class=\"elementor-element elementor-element-dbefcfc elementor-widget elementor-widget-heading\" data-id=\"dbefcfc\" data-element_type=\"widget\" data-widget_type=\"heading.default\">\n\t\t\t\t<div class=\"elementor-widget-container\">\n\t\t\t\t\t<h2 class=\"elementor-heading-title elementor-size-default\"><span data-elementor-setting-key=\"title\" data-pen-placeholder=\"\u00c9crivez ici...\" style=\"line-height: 1.217391;margin-bottom: 1.217391em;font-family: Roboto, sans-serif;font-weight: 600;font-size: 1.4375rem;clear: both\">Objectifs p\u00e9dagogiques<\/span><\/h2>\t\t\t\t<\/div>\n\t\t\t\t<\/div>\n\t\t\t\t<div class=\"elementor-element elementor-element-6187e75 elementor-widget elementor-widget-heading\" data-id=\"6187e75\" data-element_type=\"widget\" data-widget_type=\"heading.default\">\n\t\t\t\t<div class=\"elementor-widget-container\">\n\t\t\t\t\t<p class=\"elementor-heading-title elementor-size-default\"><font color=\"#7a7a7a\" size=\"3\"><span style=\"font-weight: 400\">Que ce soit en cours d'histoire, pour aborder le totalitarisme, ou en cours d'italien, le spectacle peut s'inscrire dans une s\u00e9quence simple ou dans un projet transversal. Il est l'occasion de mettre en pratique ses acquis th\u00e9oriques<\/span><p style=\"font-weight: 400\"><\/p><\/font><\/p>\t\t\t\t<\/div>\n\t\t\t\t<\/div>\n\t\t\t\t\t<\/div>\n\t\t<\/div>\n\t\t\t\t\t<\/div>\n\t\t<\/section>\n\t\t\t\t<section class=\"elementor-section elementor-top-section elementor-element elementor-element-01be921 elementor-section-boxed elementor-section-height-default elementor-section-height-default\" data-id=\"01be921\" data-element_type=\"section\">\n\t\t\t\t\t\t<div class=\"elementor-container elementor-column-gap-default\">\n\t\t\t\t\t<div class=\"elementor-column elementor-col-100 elementor-top-column elementor-element elementor-element-f20eb66\" data-id=\"f20eb66\" data-element_type=\"column\">\n\t\t\t<div class=\"elementor-widget-wrap elementor-element-populated\">\n\t\t\t\t\t\t<div class=\"elementor-element elementor-element-17bd551 elementor-widget elementor-widget-heading\" data-id=\"17bd551\" data-element_type=\"widget\" data-widget_type=\"heading.default\">\n\t\t\t\t<div class=\"elementor-widget-container\">\n\t\t\t\t\t<h2 class=\"elementor-heading-title elementor-size-default\"><span class=\"elementor-heading-title elementor-size-default elementor-inline-editing pen\" data-elementor-setting-key=\"title\" data-pen-placeholder=\"\u00c9crivez ici...\" style=\"clear: both;margin-bottom: 1.217391em;line-height: 1.217391;font-size: 1.4375rem\"><span data-elementor-setting-key=\"title\" data-pen-placeholder=\"\u00c9crivez ici...\" style=\"clear: both;margin-bottom: 1.217391em;line-height: 1.217391;font-size: 1.4375rem\">Format<\/span><\/span><\/h2>\t\t\t\t<\/div>\n\t\t\t\t<\/div>\n\t\t\t\t<div class=\"elementor-element elementor-element-57a0c6f elementor-widget elementor-widget-heading\" data-id=\"57a0c6f\" data-element_type=\"widget\" data-widget_type=\"heading.default\">\n\t\t\t\t<div class=\"elementor-widget-container\">\n\t\t\t\t\t<h2 class=\"elementor-heading-title elementor-size-default\"><font color=\"#7a7a7a\" size=\"3\"><span style=\"font-weight: 400\">Dur\u00e9e : 1h15<\/span><\/font><br><span class=\"elementor-heading-title elementor-size-default elementor-inline-editing pen\" data-elementor-setting-key=\"title\" data-pen-placeholder=\"\u00c9crivez ici...\" style=\"clear: both;margin-bottom: 1.217391em;line-height: 1.217391;font-size: 1.4375rem\"><font color=\"#7a7a7a\" size=\"3\"><span style=\"font-weight: 400\">R\u00e9servation pass Culture possible via Swee*T<\/span><\/font> <\/span><\/h2>\t\t\t\t<\/div>\n\t\t\t\t<\/div>\n\t\t\t\t\t<\/div>\n\t\t<\/div>\n\t\t\t\t\t<\/div>\n\t\t<\/section>\n\t\t\t\t<section class=\"elementor-section elementor-top-section elementor-element elementor-element-7671dd6 elementor-section-boxed elementor-section-height-default elementor-section-height-default\" data-id=\"7671dd6\" data-element_type=\"section\">\n\t\t\t\t\t\t<div class=\"elementor-container elementor-column-gap-default\">\n\t\t\t\t\t<div class=\"elementor-column elementor-col-100 elementor-top-column elementor-element elementor-element-88458dc\" data-id=\"88458dc\" data-element_type=\"column\">\n\t\t\t<div class=\"elementor-widget-wrap elementor-element-populated\">\n\t\t\t\t\t\t<div class=\"elementor-element elementor-element-34bba38 elementor-widget elementor-widget-heading\" data-id=\"34bba38\" data-element_type=\"widget\" data-widget_type=\"heading.default\">\n\t\t\t\t<div class=\"elementor-widget-container\">\n\t\t\t\t\t<h2 class=\"elementor-heading-title elementor-size-default\">Retours<\/h2>\t\t\t\t<\/div>\n\t\t\t\t<\/div>\n\t\t\t\t<div class=\"elementor-element elementor-element-9cbe404 elementor-widget elementor-widget-heading\" data-id=\"9cbe404\" data-element_type=\"widget\" data-widget_type=\"heading.default\">\n\t\t\t\t<div class=\"elementor-widget-container\">\n\t\t\t\t\t<h2 class=\"elementor-heading-title elementor-size-default\"><font color=\"#7a7a7a\" size=\"3\"><span style=\"font-weight: 400\">\"Une pi\u00e8ce enrichissante o\u00f9 se m\u00eale la rigueur du duce et d\u2019un grand mime comme Louis de Fun\u00e8s. Tom Corradini, nous livre ici une tr\u00e8s tr\u00e8s grande performance\u201d&nbsp;<\/span><\/font><br><font color=\"#7a7a7a\" size=\"3\"><span style=\"font-weight: 400\">\"Cette pi\u00e8ce nous plonge dans le m\u00e9canisme de vie de Mussolini, on peut ainsi tenter de comprendre pourquoi il a men\u00e9 son pays ainsi, pourquoi il s\u2019est alli\u00e9 \u00e0 l\u2019Allemagne Nazie\u2026 Un grand moment de th\u00e9\u00e2tre, sur un texte d\u2019une qualit\u00e9 irr\u00e9prochable.\u201d<\/span><\/font><\/h2>\t\t\t\t<\/div>\n\t\t\t\t<\/div>\n\t\t\t\t\t<\/div>\n\t\t<\/div>\n\t\t\t\t\t<\/div>\n\t\t<\/section>\n\t\t\t\t<section class=\"elementor-section elementor-top-section elementor-element elementor-element-2fef051 elementor-section-boxed elementor-section-height-default elementor-section-height-default\" data-id=\"2fef051\" data-element_type=\"section\">\n\t\t\t\t\t\t<div class=\"elementor-container elementor-column-gap-default\">\n\t\t\t\t\t<div class=\"elementor-column elementor-col-100 elementor-top-column elementor-element elementor-element-79c1db6\" data-id=\"79c1db6\" data-element_type=\"column\">\n\t\t\t<div class=\"elementor-widget-wrap elementor-element-populated\">\n\t\t\t\t\t\t<div class=\"elementor-element elementor-element-b1f03d1 elementor-widget elementor-widget-heading\" data-id=\"b1f03d1\" data-element_type=\"widget\" data-widget_type=\"heading.default\">\n\t\t\t\t<div class=\"elementor-widget-container\">\n\t\t\t\t\t<h2 class=\"elementor-heading-title elementor-size-default\"><span class=\"elementor-heading-title elementor-size-default elementor-inline-editing pen\" data-elementor-setting-key=\"title\" data-pen-placeholder=\"\u00c9crivez ici...\" style=\"clear: both;margin-bottom: 1.217391em;line-height: 1.217391;font-size: 1.4375rem\"><span data-elementor-setting-key=\"title\" data-pen-placeholder=\"\u00c9crivez ici...\" style=\"clear: both;margin-bottom: 1.217391em;line-height: 1.217391;font-size: 1.4375rem\">Option compl\u00e9mentaire<\/span><\/span><\/h2>\t\t\t\t<\/div>\n\t\t\t\t<\/div>\n\t\t\t\t<div class=\"elementor-element elementor-element-298ce44 elementor-widget elementor-widget-heading\" data-id=\"298ce44\" data-element_type=\"widget\" data-widget_type=\"heading.default\">\n\t\t\t\t<div class=\"elementor-widget-container\">\n\t\t\t\t\t<p class=\"elementor-heading-title elementor-size-default\"><font color=\"#7a7a7a\" size=\"3\"><span style=\"font-weight: 400\">R\u00e9servez <i>Caligula<\/i><\/p>\t\t\t\t<\/div>\n\t\t\t\t<\/div>\n\t\t\t\t\t<\/div>\n\t\t<\/div>\n\t\t\t\t\t<\/div>\n\t\t<\/section>\n\t\t\t\t<section class=\"elementor-section elementor-top-section elementor-element elementor-element-6c3e4f1 elementor-section-boxed elementor-section-height-default elementor-section-height-default\" data-id=\"6c3e4f1\" data-element_type=\"section\">\n\t\t\t\t\t\t<div class=\"elementor-container elementor-column-gap-default\">\n\t\t\t\t\t<div class=\"elementor-column elementor-col-50 elementor-top-column elementor-element elementor-element-06c8569\" data-id=\"06c8569\" data-element_type=\"column\">\n\t\t\t<div class=\"elementor-widget-wrap elementor-element-populated\">\n\t\t\t\t\t\t<div class=\"elementor-element elementor-element-6441f1f elementor-align-center elementor-widget elementor-widget-button\" data-id=\"6441f1f\" data-element_type=\"widget\" data-widget_type=\"button.default\">\n\t\t\t\t<div class=\"elementor-widget-container\">\n\t\t\t\t\t\t\t\t\t<div class=\"elementor-button-wrapper\">\n\t\t\t\t\t<a class=\"elementor-button elementor-button-link elementor-size-sm\" href=\"https:\/\/dominiquecasoni.eu\/?page_id=1508\">\n\t\t\t\t\t\t<span class=\"elementor-button-content-wrapper\">\n\t\t\t\t\t\t\t\t\t<span class=\"elementor-button-text\">Cliquez ici<\/span>\n\t\t\t\t\t<\/span>\n\t\t\t\t\t<\/a>\n\t\t\t\t<\/div>\n\t\t\t\t\t\t\t\t<\/div>\n\t\t\t\t<\/div>\n\t\t\t\t\t<\/div>\n\t\t<\/div>\n\t\t\t\t<div class=\"elementor-column elementor-col-50 elementor-top-column elementor-element elementor-element-450b994\" data-id=\"450b994\" data-element_type=\"column\">\n\t\t\t<div class=\"elementor-widget-wrap elementor-element-populated\">\n\t\t\t\t\t\t<div class=\"elementor-element elementor-element-31b0ad1 elementor-align-center elementor-widget elementor-widget-button\" data-id=\"31b0ad1\" data-element_type=\"widget\" data-widget_type=\"button.default\">\n\t\t\t\t<div class=\"elementor-widget-container\">\n\t\t\t\t\t\t\t\t\t<div class=\"elementor-button-wrapper\">\n\t\t\t\t\t<a class=\"elementor-button elementor-button-link elementor-size-sm\" href=\"mailto:info@dominiquecasoni.eu\">\n\t\t\t\t\t\t<span class=\"elementor-button-content-wrapper\">\n\t\t\t\t\t\t\t\t\t<span class=\"elementor-button-text\">Contact<\/span>\n\t\t\t\t\t<\/span>\n\t\t\t\t\t<\/a>\n\t\t\t\t<\/div>\n\t\t\t\t\t\t\t\t<\/div>\n\t\t\t\t<\/div>\n\t\t\t\t\t<\/div>\n\t\t<\/div>\n\t\t\t\t\t<\/div>\n\t\t<\/section>\n\t\t\t\t<\/div>\n\t\t","protected":false},"excerpt":{"rendered":"<p>Type : spectacle Niveau : avanc\u00e9, lyc\u00e9es, sup\u00e9rieur, tout public Langue : italien Pr\u00e9sentation Seul en sc\u00e8ne prim\u00e9 au festival d&rsquo;Avignon off 2017, ce spectacle retrace la vie du dictateur &hellip; <a href=\"https:\/\/dominiquecasoni.eu\/?page_id=1506\" class=\"more-link\">Continuer la lecture<span class=\"screen-reader-text\"> de &laquo;&nbsp;Mussolini&nbsp;&raquo;<\/span><\/a><\/p>\n","protected":false},"author":1,"featured_media":0,"parent":0,"menu_order":0,"comment_status":"closed","ping_status":"closed","template":"","meta":{"footnotes":""},"class_list":["post-1506","page","type-page","status-publish","hentry"],"aioseo_notices":[],"jetpack_sharing_enabled":true,"_links":{"self":[{"href":"https:\/\/dominiquecasoni.eu\/index.php?rest_route=\/wp\/v2\/pages\/1506","targetHints":{"allow":["GET"]}}],"collection":[{"href":"https:\/\/dominiquecasoni.eu\/index.php?rest_route=\/wp\/v2\/pages"}],"about":[{"href":"https:\/\/dominiquecasoni.eu\/index.php?rest_route=\/wp\/v2\/types\/page"}],"author":[{"embeddable":true,"href":"https:\/\/dominiquecasoni.eu\/index.php?rest_route=\/wp\/v2\/users\/1"}],"replies":[{"embeddable":true,"href":"https:\/\/dominiquecasoni.eu\/index.php?rest_route=%2Fwp%2Fv2%2Fcomments&post=1506"}],"version-history":[{"count":7,"href":"https:\/\/dominiquecasoni.eu\/index.php?rest_route=\/wp\/v2\/pages\/1506\/revisions"}],"predecessor-version":[{"id":1691,"href":"https:\/\/dominiquecasoni.eu\/index.php?rest_route=\/wp\/v2\/pages\/1506\/revisions\/1691"}],"wp:attachment":[{"href":"https:\/\/dominiquecasoni.eu\/index.php?rest_route=%2Fwp%2Fv2%2Fmedia&parent=1506"}],"curies":[{"name":"wp","href":"https:\/\/api.w.org\/{rel}","templated":true}]}}