{"id":1504,"date":"2025-08-23T14:33:35","date_gmt":"2025-08-23T12:33:35","guid":{"rendered":"https:\/\/dominiquecasoni.eu\/?page_id=1504"},"modified":"2025-08-23T14:51:53","modified_gmt":"2025-08-23T12:51:53","slug":"une-histoire-de-pirates-par-wht-pour-les-debutants-en-anglias","status":"publish","type":"page","link":"https:\/\/dominiquecasoni.eu\/?page_id=1504","title":{"rendered":"The Tiger of the Seas"},"content":{"rendered":"\t\t<div data-elementor-type=\"wp-page\" data-elementor-id=\"1504\" class=\"elementor elementor-1504\">\n\t\t\t\t\t\t<section class=\"elementor-section elementor-top-section elementor-element elementor-element-a4a3b3c elementor-section-boxed elementor-section-height-default elementor-section-height-default\" data-id=\"a4a3b3c\" data-element_type=\"section\">\n\t\t\t\t\t\t<div class=\"elementor-container elementor-column-gap-default\">\n\t\t\t\t\t<div class=\"elementor-column elementor-col-50 elementor-top-column elementor-element elementor-element-c873528\" data-id=\"c873528\" data-element_type=\"column\">\n\t\t\t<div class=\"elementor-widget-wrap elementor-element-populated\">\n\t\t\t\t\t\t<div class=\"elementor-element elementor-element-a6af618 elementor-icon-list--layout-traditional elementor-list-item-link-full_width elementor-widget elementor-widget-icon-list\" data-id=\"a6af618\" data-element_type=\"widget\" data-widget_type=\"icon-list.default\">\n\t\t\t\t<div class=\"elementor-widget-container\">\n\t\t\t\t\t\t\t<ul class=\"elementor-icon-list-items\">\n\t\t\t\t\t\t\t<li class=\"elementor-icon-list-item\">\n\t\t\t\t\t\t\t\t\t\t\t<span class=\"elementor-icon-list-icon\">\n\t\t\t\t\t\t\t<i aria-hidden=\"true\" class=\"fas fa-check\"><\/i>\t\t\t\t\t\t<\/span>\n\t\t\t\t\t\t\t\t\t\t<span class=\"elementor-icon-list-text\"><b>Type : <\/b>Spectacle<\/span>\n\t\t\t\t\t\t\t\t\t<\/li>\n\t\t\t\t\t\t\t\t<li class=\"elementor-icon-list-item\">\n\t\t\t\t\t\t\t\t\t\t\t<span class=\"elementor-icon-list-icon\">\n\t\t\t\t\t\t\t<i aria-hidden=\"true\" class=\"fas fa-times\"><\/i>\t\t\t\t\t\t<\/span>\n\t\t\t\t\t\t\t\t\t\t<span class=\"elementor-icon-list-text\"><b>Niveau : <\/b>D\u00e9butants (CM2, 6\u00e8me, 5\u00e8me)<\/span>\n\t\t\t\t\t\t\t\t\t<\/li>\n\t\t\t\t\t\t\t\t<li class=\"elementor-icon-list-item\">\n\t\t\t\t\t\t\t\t\t\t\t<span class=\"elementor-icon-list-icon\">\n\t\t\t\t\t\t\t<i aria-hidden=\"true\" class=\"fas fa-dot-circle\"><\/i>\t\t\t\t\t\t<\/span>\n\t\t\t\t\t\t\t\t\t\t<span class=\"elementor-icon-list-text\"><b>Langue : <\/b>Anglais<\/span>\n\t\t\t\t\t\t\t\t\t<\/li>\n\t\t\t\t\t\t<\/ul>\n\t\t\t\t\t\t<\/div>\n\t\t\t\t<\/div>\n\t\t\t\t\t<\/div>\n\t\t<\/div>\n\t\t\t\t<div class=\"elementor-column elementor-col-50 elementor-top-column elementor-element elementor-element-60beecd\" data-id=\"60beecd\" data-element_type=\"column\">\n\t\t\t<div class=\"elementor-widget-wrap elementor-element-populated\">\n\t\t\t\t\t\t<div class=\"elementor-element elementor-element-dc5130c elementor-widget elementor-widget-image\" data-id=\"dc5130c\" data-element_type=\"widget\" data-widget_type=\"image.default\">\n\t\t\t\t<div class=\"elementor-widget-container\">\n\t\t\t\t\t\t\t\t\t\t\t\t\t\t\t<img fetchpriority=\"high\" decoding=\"async\" width=\"300\" height=\"199\" src=\"https:\/\/dominiquecasoni.eu\/wp-content\/uploads\/2025\/08\/DSC7593-300x199.jpg\" class=\"attachment-medium size-medium wp-image-1724\" alt=\"The Tiger of the Seas par White Horse Theatre\" srcset=\"https:\/\/dominiquecasoni.eu\/wp-content\/uploads\/2025\/08\/DSC7593-300x199.jpg 300w, https:\/\/dominiquecasoni.eu\/wp-content\/uploads\/2025\/08\/DSC7593-1024x680.jpg 1024w, https:\/\/dominiquecasoni.eu\/wp-content\/uploads\/2025\/08\/DSC7593-768x510.jpg 768w, https:\/\/dominiquecasoni.eu\/wp-content\/uploads\/2025\/08\/DSC7593-1536x1020.jpg 1536w, https:\/\/dominiquecasoni.eu\/wp-content\/uploads\/2025\/08\/DSC7593-2048x1361.jpg 2048w, https:\/\/dominiquecasoni.eu\/wp-content\/uploads\/2025\/08\/DSC7593-1200x797.jpg 1200w\" sizes=\"(max-width: 300px) 85vw, 300px\" \/>\t\t\t\t\t\t\t\t\t\t\t\t\t\t\t<\/div>\n\t\t\t\t<\/div>\n\t\t\t\t\t<\/div>\n\t\t<\/div>\n\t\t\t\t\t<\/div>\n\t\t<\/section>\n\t\t\t\t<section class=\"elementor-section elementor-top-section elementor-element elementor-element-7ceae15 elementor-section-boxed elementor-section-height-default elementor-section-height-default\" data-id=\"7ceae15\" data-element_type=\"section\">\n\t\t\t\t\t\t<div class=\"elementor-container elementor-column-gap-default\">\n\t\t\t\t\t<div class=\"elementor-column elementor-col-100 elementor-top-column elementor-element elementor-element-af99e98\" data-id=\"af99e98\" data-element_type=\"column\">\n\t\t\t<div class=\"elementor-widget-wrap elementor-element-populated\">\n\t\t\t\t\t\t<div class=\"elementor-element elementor-element-9fc01cc elementor-widget elementor-widget-heading\" data-id=\"9fc01cc\" data-element_type=\"widget\" data-widget_type=\"heading.default\">\n\t\t\t\t<div class=\"elementor-widget-container\">\n\t\t\t\t\t<h2 class=\"elementor-heading-title elementor-size-default\"><span class=\"elementor-heading-title elementor-size-default elementor-inline-editing pen\" data-elementor-setting-key=\"title\" data-pen-placeholder=\"\u00c9crivez ici...\" style=\"clear: both;margin-bottom: 1.217391em;line-height: 1.217391;font-size: 1.4375rem\">Pr\u00e9sentation<\/span><\/h2>\t\t\t\t<\/div>\n\t\t\t\t<\/div>\n\t\t\t\t<div class=\"elementor-element elementor-element-81bcc5d elementor-widget elementor-widget-heading\" data-id=\"81bcc5d\" data-element_type=\"widget\" data-widget_type=\"heading.default\">\n\t\t\t\t<div class=\"elementor-widget-container\">\n\t\t\t\t\t<h2 class=\"elementor-heading-title elementor-size-default\"><span style=\"font-size: 16px;font-weight: 400\">Oh\u00e9, marins d\u2019eau douce !\nVenez vivre une aventure de pirates excitante, pleine de courage, d\u2019amiti\u00e9, et de rebondissements inattendus\u2026 en anglais !&nbsp;<\/span><br><span style=\"font-size: 16px;font-weight: 400\">Le terrible pirate Black Nick Sharkmuck cherche de nouveaux membres d\u2019\u00e9quipage pour son navire. Quand il rencontre le jejune fermier Robin, il le kidnappe et, sans autre forme de proc\u00e8s, l\u2019embarque pour un voyage au long cours. M\u00eame en \u00e9tant d\u00e9butant, on peut comprendre une oeuvre compl\u00e8te !<\/span><\/h2>\t\t\t\t<\/div>\n\t\t\t\t<\/div>\n\t\t\t\t\t<\/div>\n\t\t<\/div>\n\t\t\t\t\t<\/div>\n\t\t<\/section>\n\t\t\t\t<section class=\"elementor-section elementor-top-section elementor-element elementor-element-c82afd7 elementor-section-boxed elementor-section-height-default elementor-section-height-default\" data-id=\"c82afd7\" data-element_type=\"section\">\n\t\t\t\t\t\t<div class=\"elementor-container elementor-column-gap-default\">\n\t\t\t\t\t<div class=\"elementor-column elementor-col-100 elementor-top-column elementor-element elementor-element-2011b65\" data-id=\"2011b65\" data-element_type=\"column\">\n\t\t\t<div class=\"elementor-widget-wrap elementor-element-populated\">\n\t\t\t\t\t\t<div class=\"elementor-element elementor-element-dbefcfc elementor-widget elementor-widget-heading\" data-id=\"dbefcfc\" data-element_type=\"widget\" data-widget_type=\"heading.default\">\n\t\t\t\t<div class=\"elementor-widget-container\">\n\t\t\t\t\t<h2 class=\"elementor-heading-title elementor-size-default\"><span data-elementor-setting-key=\"title\" data-pen-placeholder=\"\u00c9crivez ici...\" style=\"line-height: 1.217391;margin-bottom: 1.217391em;font-family: Roboto, sans-serif;font-weight: 600;font-size: 1.4375rem;clear: both\">Objectifs p\u00e9dagogique<\/span><\/h2>\t\t\t\t<\/div>\n\t\t\t\t<\/div>\n\t\t\t\t<div class=\"elementor-element elementor-element-6187e75 elementor-widget__width-initial elementor-widget elementor-widget-heading\" data-id=\"6187e75\" data-element_type=\"widget\" data-widget_type=\"heading.default\">\n\t\t\t\t<div class=\"elementor-widget-container\">\n\t\t\t\t\t<h2 class=\"elementor-heading-title elementor-size-default\"><font color=\"#7a7a7a\" size=\"3\"><span style=\"font-weight: 400\"> M\u00eame en \u00e9tant d\u00e9butant, on peut comprendre une oeuvre compl\u00e8te ! Une mani\u00e8re agr\u00e9able de proposer aux \u00e9l\u00e8ves de mettre en pratique leurs acquis.&nbsp;<\/span><\/font><\/h2>\t\t\t\t<\/div>\n\t\t\t\t<\/div>\n\t\t\t\t\t<\/div>\n\t\t<\/div>\n\t\t\t\t\t<\/div>\n\t\t<\/section>\n\t\t\t\t<section class=\"elementor-section elementor-top-section elementor-element elementor-element-01be921 elementor-section-boxed elementor-section-height-default elementor-section-height-default\" data-id=\"01be921\" data-element_type=\"section\">\n\t\t\t\t\t\t<div class=\"elementor-container elementor-column-gap-default\">\n\t\t\t\t\t<div class=\"elementor-column elementor-col-100 elementor-top-column elementor-element elementor-element-f20eb66\" data-id=\"f20eb66\" data-element_type=\"column\">\n\t\t\t<div class=\"elementor-widget-wrap elementor-element-populated\">\n\t\t\t\t\t\t<div class=\"elementor-element elementor-element-17bd551 elementor-widget elementor-widget-heading\" data-id=\"17bd551\" data-element_type=\"widget\" data-widget_type=\"heading.default\">\n\t\t\t\t<div class=\"elementor-widget-container\">\n\t\t\t\t\t<h2 class=\"elementor-heading-title elementor-size-default\"><span class=\"elementor-heading-title elementor-size-default elementor-inline-editing pen\" data-elementor-setting-key=\"title\" data-pen-placeholder=\"\u00c9crivez ici...\" style=\"clear: both;margin-bottom: 1.217391em;line-height: 1.217391;font-size: 1.4375rem\"><span data-elementor-setting-key=\"title\" data-pen-placeholder=\"\u00c9crivez ici...\" style=\"clear: both;margin-bottom: 1.217391em;line-height: 1.217391;font-size: 1.4375rem\">Format<\/span><\/span><\/h2>\t\t\t\t<\/div>\n\t\t\t\t<\/div>\n\t\t\t\t<div class=\"elementor-element elementor-element-57a0c6f elementor-widget elementor-widget-heading\" data-id=\"57a0c6f\" data-element_type=\"widget\" data-widget_type=\"heading.default\">\n\t\t\t\t<div class=\"elementor-widget-container\">\n\t\t\t\t\t<h2 class=\"elementor-heading-title elementor-size-default\"><font color=\"#7a7a7a\" size=\"3\"><span style=\"font-weight: 400\">Dur\u00e9e : 0h50\/1h&nbsp;<\/span><\/font><br><font color=\"#7a7a7a\" size=\"3\"><span style=\"font-weight: 400\">La repr\u00e9sentation est suivie d'un temps d'\u00e9change avec les acteurs.<\/span><\/font><br><font color=\"#7a7a7a\" size=\"3\"><span style=\"font-weight: 400\">R\u00e9servation possible par le pass Culture via Swee*T<\/span><\/font><\/h2>\t\t\t\t<\/div>\n\t\t\t\t<\/div>\n\t\t\t\t\t<\/div>\n\t\t<\/div>\n\t\t\t\t\t<\/div>\n\t\t<\/section>\n\t\t\t\t<section class=\"elementor-section elementor-top-section elementor-element elementor-element-7671dd6 elementor-section-boxed elementor-section-height-default elementor-section-height-default\" data-id=\"7671dd6\" data-element_type=\"section\">\n\t\t\t\t\t\t<div class=\"elementor-container elementor-column-gap-default\">\n\t\t\t\t\t<div class=\"elementor-column elementor-col-100 elementor-top-column elementor-element elementor-element-88458dc\" data-id=\"88458dc\" data-element_type=\"column\">\n\t\t\t<div class=\"elementor-widget-wrap elementor-element-populated\">\n\t\t\t\t\t\t<div class=\"elementor-element elementor-element-34bba38 elementor-widget elementor-widget-heading\" data-id=\"34bba38\" data-element_type=\"widget\" data-widget_type=\"heading.default\">\n\t\t\t\t<div class=\"elementor-widget-container\">\n\t\t\t\t\t<h2 class=\"elementor-heading-title elementor-size-default\">Retours<\/h2>\t\t\t\t<\/div>\n\t\t\t\t<\/div>\n\t\t\t\t<div class=\"elementor-element elementor-element-9cbe404 elementor-widget elementor-widget-heading\" data-id=\"9cbe404\" data-element_type=\"widget\" data-widget_type=\"heading.default\">\n\t\t\t\t<div class=\"elementor-widget-container\">\n\t\t\t\t\t<h2 class=\"elementor-heading-title elementor-size-default\"><font color=\"#7a7a7a\" size=\"3\"><span style=\"font-weight: 400\">\u201cSimplement un petit message afin de vous remercier pour l'organisation de la venue de la troupe du White Horse dans notre coll\u00e8ge. La repr\u00e9sentation \u00e9tait au-del\u00e0 de nos attentes. Les acteurs ont jou\u00e9 de mani\u00e8re brillante et les \u00e9l\u00e8ves comme les professeurs \u00e9taient bluff\u00e9s par leur prestation ! Nous avons litt\u00e9ralement ador\u00e9 ce moment. C'est un professionnalisme qui je l'esp\u00e8re en inspirera plus d'un.\"<\/span><\/font><span style=\"font-family: var( --e-global-typography-primary-font-family ), Sans-serif;font-size: 1.4375rem\"><\/span><\/p><\/div><\/div><\/h2>\t\t\t\t<\/div>\n\t\t\t\t<\/div>\n\t\t\t\t\t<\/div>\n\t\t<\/div>\n\t\t\t\t\t<\/div>\n\t\t<\/section>\n\t\t\t\t<section class=\"elementor-section elementor-top-section elementor-element elementor-element-2fef051 elementor-section-boxed elementor-section-height-default elementor-section-height-default\" data-id=\"2fef051\" data-element_type=\"section\">\n\t\t\t\t\t\t<div class=\"elementor-container elementor-column-gap-default\">\n\t\t\t\t\t<div class=\"elementor-column elementor-col-100 elementor-top-column elementor-element elementor-element-79c1db6\" data-id=\"79c1db6\" data-element_type=\"column\">\n\t\t\t<div class=\"elementor-widget-wrap elementor-element-populated\">\n\t\t\t\t\t\t<div class=\"elementor-element elementor-element-b1f03d1 elementor-widget elementor-widget-heading\" data-id=\"b1f03d1\" data-element_type=\"widget\" data-widget_type=\"heading.default\">\n\t\t\t\t<div class=\"elementor-widget-container\">\n\t\t\t\t\t<h2 class=\"elementor-heading-title elementor-size-default\"><span class=\"elementor-heading-title elementor-size-default elementor-inline-editing pen\" data-elementor-setting-key=\"title\" data-pen-placeholder=\"\u00c9crivez ici...\" style=\"clear: both;margin-bottom: 1.217391em;line-height: 1.217391;font-size: 1.4375rem\"><span data-elementor-setting-key=\"title\" data-pen-placeholder=\"\u00c9crivez ici...\" style=\"clear: both;margin-bottom: 1.217391em;line-height: 1.217391;font-size: 1.4375rem\">Option compl\u00e9mentaire<\/span><\/span><\/h2>\t\t\t\t<\/div>\n\t\t\t\t<\/div>\n\t\t\t\t<div class=\"elementor-element elementor-element-298ce44 elementor-widget elementor-widget-heading\" data-id=\"298ce44\" data-element_type=\"widget\" data-widget_type=\"heading.default\">\n\t\t\t\t<div class=\"elementor-widget-container\">\n\t\t\t\t\t<h2 class=\"elementor-heading-title elementor-size-default\"><font color=\"#7a7a7a\" size=\"3\"><span style=\"font-weight: 400\">R\u00e9server <i>Sticks and Stones<\/i> ou <i>The Great Gatsby<\/i><\/span><\/font><\/h2>\t\t\t\t<\/div>\n\t\t\t\t<\/div>\n\t\t\t\t\t<\/div>\n\t\t<\/div>\n\t\t\t\t\t<\/div>\n\t\t<\/section>\n\t\t\t\t<section class=\"elementor-section elementor-top-section elementor-element elementor-element-ae46084 elementor-section-boxed elementor-section-height-default elementor-section-height-default\" data-id=\"ae46084\" data-element_type=\"section\">\n\t\t\t\t\t\t<div class=\"elementor-container elementor-column-gap-default\">\n\t\t\t\t\t<div class=\"elementor-column elementor-col-33 elementor-top-column elementor-element elementor-element-cf455f2\" data-id=\"cf455f2\" data-element_type=\"column\">\n\t\t\t<div class=\"elementor-widget-wrap elementor-element-populated\">\n\t\t\t\t\t\t<div class=\"elementor-element elementor-element-f27f376 elementor-align-right elementor-widget elementor-widget-button\" data-id=\"f27f376\" data-element_type=\"widget\" data-widget_type=\"button.default\">\n\t\t\t\t<div class=\"elementor-widget-container\">\n\t\t\t\t\t\t\t\t\t<div class=\"elementor-button-wrapper\">\n\t\t\t\t\t<a class=\"elementor-button elementor-button-link elementor-size-sm\" href=\"https:\/\/dominiquecasoni.eu\/?page_id=1502\">\n\t\t\t\t\t\t<span class=\"elementor-button-content-wrapper\">\n\t\t\t\t\t\t\t\t\t<span class=\"elementor-button-text\">Sticks and Stones<\/span>\n\t\t\t\t\t<\/span>\n\t\t\t\t\t<\/a>\n\t\t\t\t<\/div>\n\t\t\t\t\t\t\t\t<\/div>\n\t\t\t\t<\/div>\n\t\t\t\t\t<\/div>\n\t\t<\/div>\n\t\t\t\t<div class=\"elementor-column elementor-col-33 elementor-top-column elementor-element elementor-element-f77fa4d\" data-id=\"f77fa4d\" data-element_type=\"column\">\n\t\t\t<div class=\"elementor-widget-wrap elementor-element-populated\">\n\t\t\t\t\t\t<div class=\"elementor-element elementor-element-a23afb9 elementor-align-center elementor-widget elementor-widget-button\" data-id=\"a23afb9\" data-element_type=\"widget\" data-widget_type=\"button.default\">\n\t\t\t\t<div class=\"elementor-widget-container\">\n\t\t\t\t\t\t\t\t\t<div class=\"elementor-button-wrapper\">\n\t\t\t\t\t<a class=\"elementor-button elementor-button-link elementor-size-sm\" href=\"https:\/\/dominiquecasoni.eu\/?page_id=1500\">\n\t\t\t\t\t\t<span class=\"elementor-button-content-wrapper\">\n\t\t\t\t\t\t\t\t\t<span class=\"elementor-button-text\">The Great Gatsby<\/span>\n\t\t\t\t\t<\/span>\n\t\t\t\t\t<\/a>\n\t\t\t\t<\/div>\n\t\t\t\t\t\t\t\t<\/div>\n\t\t\t\t<\/div>\n\t\t\t\t\t<\/div>\n\t\t<\/div>\n\t\t\t\t<div class=\"elementor-column elementor-col-33 elementor-top-column elementor-element elementor-element-e02263f\" data-id=\"e02263f\" data-element_type=\"column\">\n\t\t\t<div class=\"elementor-widget-wrap elementor-element-populated\">\n\t\t\t\t\t\t<div class=\"elementor-element elementor-element-f104f2b elementor-widget elementor-widget-button\" data-id=\"f104f2b\" data-element_type=\"widget\" data-widget_type=\"button.default\">\n\t\t\t\t<div class=\"elementor-widget-container\">\n\t\t\t\t\t\t\t\t\t<div class=\"elementor-button-wrapper\">\n\t\t\t\t\t<a class=\"elementor-button elementor-button-link elementor-size-sm\" href=\"mailto:info@dominiquecasoni.eu\">\n\t\t\t\t\t\t<span class=\"elementor-button-content-wrapper\">\n\t\t\t\t\t\t\t\t\t<span class=\"elementor-button-text\">Contact<\/span>\n\t\t\t\t\t<\/span>\n\t\t\t\t\t<\/a>\n\t\t\t\t<\/div>\n\t\t\t\t\t\t\t\t<\/div>\n\t\t\t\t<\/div>\n\t\t\t\t\t<\/div>\n\t\t<\/div>\n\t\t\t\t\t<\/div>\n\t\t<\/section>\n\t\t\t\t<\/div>\n\t\t","protected":false},"excerpt":{"rendered":"<p>Type : Spectacle Niveau : D\u00e9butants (CM2, 6\u00e8me, 5\u00e8me) Langue : Anglais Pr\u00e9sentation Oh\u00e9, marins d\u2019eau douce ! Venez vivre une aventure de pirates excitante, pleine de courage, d\u2019amiti\u00e9, et &hellip; <a href=\"https:\/\/dominiquecasoni.eu\/?page_id=1504\" class=\"more-link\">Continuer la lecture<span class=\"screen-reader-text\"> de &laquo;&nbsp;The Tiger of the Seas&nbsp;&raquo;<\/span><\/a><\/p>\n","protected":false},"author":1,"featured_media":0,"parent":0,"menu_order":0,"comment_status":"closed","ping_status":"closed","template":"","meta":{"footnotes":""},"class_list":["post-1504","page","type-page","status-publish","hentry"],"aioseo_notices":[],"jetpack_sharing_enabled":true,"_links":{"self":[{"href":"https:\/\/dominiquecasoni.eu\/index.php?rest_route=\/wp\/v2\/pages\/1504","targetHints":{"allow":["GET"]}}],"collection":[{"href":"https:\/\/dominiquecasoni.eu\/index.php?rest_route=\/wp\/v2\/pages"}],"about":[{"href":"https:\/\/dominiquecasoni.eu\/index.php?rest_route=\/wp\/v2\/types\/page"}],"author":[{"embeddable":true,"href":"https:\/\/dominiquecasoni.eu\/index.php?rest_route=\/wp\/v2\/users\/1"}],"replies":[{"embeddable":true,"href":"https:\/\/dominiquecasoni.eu\/index.php?rest_route=%2Fwp%2Fv2%2Fcomments&post=1504"}],"version-history":[{"count":7,"href":"https:\/\/dominiquecasoni.eu\/index.php?rest_route=\/wp\/v2\/pages\/1504\/revisions"}],"predecessor-version":[{"id":1737,"href":"https:\/\/dominiquecasoni.eu\/index.php?rest_route=\/wp\/v2\/pages\/1504\/revisions\/1737"}],"wp:attachment":[{"href":"https:\/\/dominiquecasoni.eu\/index.php?rest_route=%2Fwp%2Fv2%2Fmedia&parent=1504"}],"curies":[{"name":"wp","href":"https:\/\/api.w.org\/{rel}","templated":true}]}}