{"id":1319,"date":"2024-08-24T12:18:48","date_gmt":"2024-08-24T10:18:48","guid":{"rendered":"https:\/\/dominiquecasoni.eu\/?page_id=1319"},"modified":"2024-08-24T12:21:31","modified_gmt":"2024-08-24T10:21:31","slug":"texte-au-corps","status":"publish","type":"page","link":"https:\/\/dominiquecasoni.eu\/?page_id=1319","title":{"rendered":"Texte au Corps \ud83c\uddeb\ud83c\uddf7"},"content":{"rendered":"\t\t<div data-elementor-type=\"wp-page\" data-elementor-id=\"1319\" class=\"elementor elementor-1319\">\n\t\t\t\t\t\t<section class=\"elementor-section elementor-top-section elementor-element elementor-element-026d788 elementor-section-boxed elementor-section-height-default elementor-section-height-default\" data-id=\"026d788\" data-element_type=\"section\">\n\t\t\t\t\t\t<div class=\"elementor-container elementor-column-gap-default\">\n\t\t\t\t\t<div class=\"elementor-column elementor-col-50 elementor-top-column elementor-element elementor-element-04b76df\" data-id=\"04b76df\" data-element_type=\"column\">\n\t\t\t<div class=\"elementor-widget-wrap elementor-element-populated\">\n\t\t\t\t\t\t<div class=\"elementor-element elementor-element-de035c4 elementor-widget elementor-widget-image\" data-id=\"de035c4\" data-element_type=\"widget\" data-widget_type=\"image.default\">\n\t\t\t\t<div class=\"elementor-widget-container\">\n\t\t\t\t\t\t\t\t\t\t\t\t\t\t\t<img fetchpriority=\"high\" decoding=\"async\" width=\"511\" height=\"383\" src=\"https:\/\/dominiquecasoni.eu\/wp-content\/uploads\/2024\/08\/logo-pass-culture-1-png-16162.png\" class=\"attachment-large size-large wp-image-1224\" alt=\"pass Culture\" srcset=\"https:\/\/dominiquecasoni.eu\/wp-content\/uploads\/2024\/08\/logo-pass-culture-1-png-16162.png 511w, https:\/\/dominiquecasoni.eu\/wp-content\/uploads\/2024\/08\/logo-pass-culture-1-png-16162-300x225.png 300w\" sizes=\"(max-width: 511px) 85vw, 511px\" \/>\t\t\t\t\t\t\t\t\t\t\t\t\t\t\t<\/div>\n\t\t\t\t<\/div>\n\t\t\t\t\t<\/div>\n\t\t<\/div>\n\t\t\t\t<div class=\"elementor-column elementor-col-50 elementor-top-column elementor-element elementor-element-bb418c3\" data-id=\"bb418c3\" data-element_type=\"column\">\n\t\t\t<div class=\"elementor-widget-wrap elementor-element-populated\">\n\t\t\t\t\t\t<div class=\"elementor-element elementor-element-c039f4c elementor-widget elementor-widget-text-editor\" data-id=\"c039f4c\" data-element_type=\"widget\" data-widget_type=\"text-editor.default\">\n\t\t\t\t<div class=\"elementor-widget-container\">\n\t\t\t\t\t\t\t\t\t<p><span style=\"font-family: helvetica, arial, sans-serif; font-size: 17px; font-weight: 600;\">Pour voir les offres pass Culture, cherchez \u00ab\u00a0Swee*T\u00a0\u00bb<\/span><\/p>\t\t\t\t\t\t\t\t<\/div>\n\t\t\t\t<\/div>\n\t\t\t\t\t<\/div>\n\t\t<\/div>\n\t\t\t\t\t<\/div>\n\t\t<\/section>\n\t\t\t\t<section class=\"elementor-section elementor-top-section elementor-element elementor-element-f449bde elementor-section-boxed elementor-section-height-default elementor-section-height-default\" data-id=\"f449bde\" data-element_type=\"section\">\n\t\t\t\t\t\t<div class=\"elementor-container elementor-column-gap-default\">\n\t\t\t\t\t<div class=\"elementor-column elementor-col-33 elementor-top-column elementor-element elementor-element-ec4f5c5\" data-id=\"ec4f5c5\" data-element_type=\"column\">\n\t\t\t<div class=\"elementor-widget-wrap elementor-element-populated\">\n\t\t\t\t\t\t<div class=\"elementor-element elementor-element-e8a0505 elementor-widget elementor-widget-text-editor\" data-id=\"e8a0505\" data-element_type=\"widget\" data-widget_type=\"text-editor.default\">\n\t\t\t\t<div class=\"elementor-widget-container\">\n\t\t\t\t\t\t\t\t\t<p><span style=\"font-family: helvetica, arial, sans-serif;\">En 2023, S\u00e9Bastien G\u00e9rard, Sabrina Tuault et Fabrice Houillon fondent la compagnie <strong><span style=\"color: #6fa500;\">Texte au Corps<\/span><\/strong>. M\u00eame si initialement la premi\u00e8re formation artistique de S\u00e9Bastien G\u00e9rard commence aux beaux-arts, il d\u00e9couvre la passion du th\u00e9\u00e2tre au coll\u00e8ge en jouant \u00ab\u00a0<em>On ne badine pas avec l&rsquo;amour\u00a0<\/em>\u00bb D&rsquo;Alfred de MUSSET, avant de rejoindre Les Cavaliers du Val d&rsquo;Ornois pour des spectacles \u00e9questres westerns et Les Compagnons de la Tour pour s&rsquo;adonner au th\u00e9\u00e2tre de boulevard et au vaudeville. Il passe r\u00e9guli\u00e8rement devant la cam\u00e9ra, pour des courts-m\u00e9trages, des visio-guides ou le cin\u00e9ma.<\/span><br \/><span style=\"font-family: helvetica, arial, sans-serif;\">Il travaille avec diverses compagnies et associations de la R\u00e9gion Grand Est.\u00a0<\/span><\/p><p><span style=\"font-family: helvetica, arial, sans-serif;\">Entre 2013 et 2014, il cr\u00e9e\u00a0<em><strong><span style=\"color: #6fa500;\">Rhinoc\u00e9ros<\/span><\/strong><\/em>\u00a0d\u2019Eug\u00e8ne Ionesco (version adapt\u00e9e de la nouvelle) et en fait un spectacle seul-en-sc\u00e8ne. Il est \u00e0 la fois Jean, B\u00e9ranger, et tous les autres personnages.<\/span><span style=\"font-family: helvetica, arial, sans-serif;\"><br \/><\/span><\/p>\t\t\t\t\t\t\t\t<\/div>\n\t\t\t\t<\/div>\n\t\t\t\t\t<\/div>\n\t\t<\/div>\n\t\t\t\t<div class=\"elementor-column elementor-col-33 elementor-top-column elementor-element elementor-element-5abb910\" data-id=\"5abb910\" data-element_type=\"column\">\n\t\t\t<div class=\"elementor-widget-wrap elementor-element-populated\">\n\t\t\t\t\t\t<div class=\"elementor-element elementor-element-de0cb2a elementor-widget elementor-widget-text-editor\" data-id=\"de0cb2a\" data-element_type=\"widget\" data-widget_type=\"text-editor.default\">\n\t\t\t\t<div class=\"elementor-widget-container\">\n\t\t\t\t\t\t\t\t\t<p><span style=\"font-family: helvetica, arial, sans-serif;\">\u00a0La formule pla\u00eet : la pi\u00e8ce, son auteur, son th\u00e8me sont des incontournables\u00a0<em><strong><span style=\"color: #6fa500;\">Rhinoc\u00e9ros<\/span><\/strong><\/em>\u00a0est souvent \u00e9tudi\u00e9e en coll\u00e8ge ou en lyc\u00e9e.\u00a0<\/span><\/p><p><span style=\"font-family: helvetica, arial, sans-serif;\">Elle est abordable pour les \u00e9l\u00e8ves d\u00e8s la 4\u00e8me.\u00a0<\/span><\/p><p><span style=\"font-family: helvetica, arial, sans-serif;\">En 2024, non seulement\u00a0<strong><em>Rhinoceros<\/em><\/strong>\u00a0est toujours d\u2019actualit\u00e9, mais S\u00e9Bastien cr\u00e9e un nouveau spectacle seul-en-sc\u00e8ne :\u00a0<em><strong><span style=\"color: #6fa500;\">L\u2019Impromptu de Versailles<\/span><\/strong><\/em>\u00a0de Moli\u00e8re. L\u00e0 encore, destin\u00e9e \u00e0 mettre \u00e0 le th\u00e9\u00e2tre \u00e0 la port\u00e9e de tous, la pi\u00e8ce donne les cl\u00e9s pour comprendre le th\u00e9\u00e2tre de Moli\u00e8re et son \u00e9poque.\u00a0<\/span><\/p><p><span style=\"font-family: helvetica, arial, sans-serif;\">Si son plaisir va d&rsquo;abord au jeu, S\u00e9Bastien ne trouve rien de plus passionnant que la cr\u00e9ation compl\u00e8te d&rsquo;un spectacle et d\u00e8s 2005, il se trouve un adage\u00a0: \u00ab\u00a0 Un esprit sc\u00e8ne dans un corps sc\u00e8ne\u00a0\u00bb<\/span><\/p>\t\t\t\t\t\t\t\t<\/div>\n\t\t\t\t<\/div>\n\t\t\t\t\t<\/div>\n\t\t<\/div>\n\t\t\t\t<div class=\"elementor-column elementor-col-33 elementor-top-column elementor-element elementor-element-662c1a2\" data-id=\"662c1a2\" data-element_type=\"column\">\n\t\t\t<div class=\"elementor-widget-wrap elementor-element-populated\">\n\t\t\t\t\t\t<div class=\"elementor-element elementor-element-9dd3708 elementor-widget elementor-widget-image\" data-id=\"9dd3708\" data-element_type=\"widget\" data-widget_type=\"image.default\">\n\t\t\t\t<div class=\"elementor-widget-container\">\n\t\t\t\t\t\t\t\t\t\t\t\t\t\t\t<img decoding=\"async\" width=\"768\" height=\"1024\" src=\"https:\/\/dominiquecasoni.eu\/wp-content\/uploads\/2024\/08\/LImpromptu-de-Versailles-768x1024.png\" class=\"attachment-large size-large wp-image-1320\" alt=\"S\u00e9Bastien G\u00e9rard dans L&#039;Impromptu de Versailles\" srcset=\"https:\/\/dominiquecasoni.eu\/wp-content\/uploads\/2024\/08\/LImpromptu-de-Versailles-768x1024.png 768w, https:\/\/dominiquecasoni.eu\/wp-content\/uploads\/2024\/08\/LImpromptu-de-Versailles-225x300.png 225w, https:\/\/dominiquecasoni.eu\/wp-content\/uploads\/2024\/08\/LImpromptu-de-Versailles-1152x1536.png 1152w, https:\/\/dominiquecasoni.eu\/wp-content\/uploads\/2024\/08\/LImpromptu-de-Versailles-1200x1600.png 1200w, https:\/\/dominiquecasoni.eu\/wp-content\/uploads\/2024\/08\/LImpromptu-de-Versailles-e1724511844628.png 536w\" sizes=\"(max-width: 768px) 85vw, 768px\" \/>\t\t\t\t\t\t\t\t\t\t\t\t\t\t\t<\/div>\n\t\t\t\t<\/div>\n\t\t\t\t\t<\/div>\n\t\t<\/div>\n\t\t\t\t\t<\/div>\n\t\t<\/section>\n\t\t\t\t<section class=\"elementor-section elementor-top-section elementor-element elementor-element-6101dac elementor-section-boxed elementor-section-height-default elementor-section-height-default\" data-id=\"6101dac\" data-element_type=\"section\">\n\t\t\t\t\t\t<div class=\"elementor-container elementor-column-gap-default\">\n\t\t\t\t\t<div class=\"elementor-column elementor-col-50 elementor-top-column elementor-element elementor-element-813a926\" data-id=\"813a926\" data-element_type=\"column\">\n\t\t\t<div class=\"elementor-widget-wrap elementor-element-populated\">\n\t\t\t\t\t\t<div class=\"elementor-element elementor-element-0b83b3e elementor-widget elementor-widget-image\" data-id=\"0b83b3e\" data-element_type=\"widget\" data-widget_type=\"image.default\">\n\t\t\t\t<div class=\"elementor-widget-container\">\n\t\t\t\t\t\t\t\t\t\t\t\t\t\t\t<img decoding=\"async\" width=\"840\" height=\"630\" src=\"https:\/\/dominiquecasoni.eu\/wp-content\/uploads\/2024\/08\/LImpromptu-de-Versailles2-1024x768.jpg\" class=\"attachment-large size-large wp-image-1321\" alt=\"L&#039;Impromptu de Versailles\" srcset=\"https:\/\/dominiquecasoni.eu\/wp-content\/uploads\/2024\/08\/LImpromptu-de-Versailles2-1024x768.jpg 1024w, https:\/\/dominiquecasoni.eu\/wp-content\/uploads\/2024\/08\/LImpromptu-de-Versailles2-300x225.jpg 300w, https:\/\/dominiquecasoni.eu\/wp-content\/uploads\/2024\/08\/LImpromptu-de-Versailles2-768x576.jpg 768w, https:\/\/dominiquecasoni.eu\/wp-content\/uploads\/2024\/08\/LImpromptu-de-Versailles2-1536x1152.jpg 1536w, https:\/\/dominiquecasoni.eu\/wp-content\/uploads\/2024\/08\/LImpromptu-de-Versailles2-1200x900.jpg 1200w, https:\/\/dominiquecasoni.eu\/wp-content\/uploads\/2024\/08\/LImpromptu-de-Versailles2.jpg 2048w\" sizes=\"(max-width: 709px) 85vw, (max-width: 909px) 67vw, (max-width: 1362px) 62vw, 840px\" \/>\t\t\t\t\t\t\t\t\t\t\t\t\t\t\t<\/div>\n\t\t\t\t<\/div>\n\t\t\t\t\t<\/div>\n\t\t<\/div>\n\t\t\t\t<div class=\"elementor-column elementor-col-50 elementor-top-column elementor-element elementor-element-576b5d7\" data-id=\"576b5d7\" data-element_type=\"column\">\n\t\t\t<div class=\"elementor-widget-wrap elementor-element-populated\">\n\t\t\t\t\t\t<div class=\"elementor-element elementor-element-6f5ef24 elementor-widget elementor-widget-image\" data-id=\"6f5ef24\" data-element_type=\"widget\" data-widget_type=\"image.default\">\n\t\t\t\t<div class=\"elementor-widget-container\">\n\t\t\t\t\t\t\t\t\t\t\t\t\t\t\t<img loading=\"lazy\" decoding=\"async\" width=\"520\" height=\"338\" src=\"https:\/\/dominiquecasoni.eu\/wp-content\/uploads\/2024\/08\/Rhinoceros.jpg\" class=\"attachment-large size-large wp-image-1322\" alt=\"S\u00e9Bastien G\u00e9rard dans Rhinoc\u00e9ros\" srcset=\"https:\/\/dominiquecasoni.eu\/wp-content\/uploads\/2024\/08\/Rhinoceros.jpg 520w, https:\/\/dominiquecasoni.eu\/wp-content\/uploads\/2024\/08\/Rhinoceros-300x195.jpg 300w\" sizes=\"(max-width: 520px) 85vw, 520px\" \/>\t\t\t\t\t\t\t\t\t\t\t\t\t\t\t<\/div>\n\t\t\t\t<\/div>\n\t\t\t\t\t<\/div>\n\t\t<\/div>\n\t\t\t\t\t<\/div>\n\t\t<\/section>\n\t\t\t\t<\/div>\n\t\t","protected":false},"excerpt":{"rendered":"<p>Pour voir les offres pass Culture, cherchez \u00ab\u00a0Swee*T\u00a0\u00bb En 2023, S\u00e9Bastien G\u00e9rard, Sabrina Tuault et Fabrice Houillon fondent la compagnie Texte au Corps. M\u00eame si initialement la premi\u00e8re formation artistique &hellip; <a href=\"https:\/\/dominiquecasoni.eu\/?page_id=1319\" class=\"more-link\">Continuer la lecture<span class=\"screen-reader-text\"> de &laquo;&nbsp;Texte au Corps \ud83c\uddeb\ud83c\uddf7&nbsp;&raquo;<\/span><\/a><\/p>\n","protected":false},"author":1,"featured_media":0,"parent":0,"menu_order":0,"comment_status":"closed","ping_status":"closed","template":"","meta":{"footnotes":""},"class_list":["post-1319","page","type-page","status-publish","hentry"],"aioseo_notices":[],"jetpack_sharing_enabled":true,"_links":{"self":[{"href":"https:\/\/dominiquecasoni.eu\/index.php?rest_route=\/wp\/v2\/pages\/1319","targetHints":{"allow":["GET"]}}],"collection":[{"href":"https:\/\/dominiquecasoni.eu\/index.php?rest_route=\/wp\/v2\/pages"}],"about":[{"href":"https:\/\/dominiquecasoni.eu\/index.php?rest_route=\/wp\/v2\/types\/page"}],"author":[{"embeddable":true,"href":"https:\/\/dominiquecasoni.eu\/index.php?rest_route=\/wp\/v2\/users\/1"}],"replies":[{"embeddable":true,"href":"https:\/\/dominiquecasoni.eu\/index.php?rest_route=%2Fwp%2Fv2%2Fcomments&post=1319"}],"version-history":[{"count":4,"href":"https:\/\/dominiquecasoni.eu\/index.php?rest_route=\/wp\/v2\/pages\/1319\/revisions"}],"predecessor-version":[{"id":1327,"href":"https:\/\/dominiquecasoni.eu\/index.php?rest_route=\/wp\/v2\/pages\/1319\/revisions\/1327"}],"wp:attachment":[{"href":"https:\/\/dominiquecasoni.eu\/index.php?rest_route=%2Fwp%2Fv2%2Fmedia&parent=1319"}],"curies":[{"name":"wp","href":"https:\/\/api.w.org\/{rel}","templated":true}]}}